{"id":9601,"date":"2024-03-05T19:32:39","date_gmt":"2024-03-05T19:32:39","guid":{"rendered":"https:\/\/qraia.com\/team\/"},"modified":"2025-02-03T09:17:09","modified_gmt":"2025-02-03T09:17:09","slug":"team","status":"publish","type":"page","link":"https:\/\/qraia.com\/de\/team\/","title":{"rendered":"Team"},"content":{"rendered":"\n<div class=\"wp-block-uagb-container uagb-block-z5xibxam default uagb-is-root-container\">\n<div class=\"wp-block-uagb-container uagb-block-ndkfwihg\">\n<div class=\"wp-block-uagb-image aligncenter uagb-block-podlmfho wp-block-uagb-image--layout-default wp-block-uagb-image--effect-static wp-block-uagb-image--align-center\"><figure class=\"wp-block-uagb-image__figure\"><img data-recalc-dims=\"1\" decoding=\"async\" srcset=\"https:\/\/qraia.com\/wp-content\/uploads\/2024\/03\/Qraia-CRM.webp ,https:\/\/qraia.com\/wp-content\/uploads\/2024\/03\/Qraia-CRM.webp 780w, https:\/\/qraia.com\/wp-content\/uploads\/2024\/03\/Qraia-CRM.webp 360w\" sizes=\"auto, (max-width: 480px) 150px\" src=\"https:\/\/i0.wp.com\/qraia.com\/wp-content\/uploads\/2024\/03\/Qraia-CRM.webp?resize=550%2C289&#038;ssl=1\" alt=\"\" class=\"uag-image-112\" width=\"550\" height=\"289\" title=\"Qraia-CRM\" loading=\"lazy\" role=\"img\"><\/figure><\/div>\n<\/div>\n\n\n\n<div class=\"wp-block-uagb-container uagb-block-nomg77xl\">\n<div class=\"wp-block-uagb-info-box uagb-block-deohuwgs uagb-infobox__content-wrap  uagb-infobox-icon-above-title uagb-infobox-image-valign-top\"><div class=\"uagb-ifb-content\"><div class=\"uagb-ifb-title-wrap\"><h6 class=\"uagb-ifb-title-prefix\"><em><em><em>Arbeiten Sie mit Ihrem Team zusammen<\/em><\/em><\/em><\/h6><h3 class=\"uagb-ifb-title\">Zusammenarbeit im Team<\/h3><\/div><p class=\"uagb-ifb-desc\">Laden Sie Ihre Kollegen ein und arbeiten Sie gemeinsam im CRM. So erstellen Sie eine zentrale Datenbank mit allen wichtigen Kontakten und Gespr\u00e4chsnotizen. Ob Sie mit zwei oder 15 Personen zusammenarbeiten, alles ist m\u00f6glich.   <br\/> <br\/>Mit dem einfachen CRM von Qraia behalten Sie jetzt m\u00fchelos den \u00dcberblick \u00fcber Ihre Kontakte, Notizen und die noch zu erledigenden Aufgaben &#8211; ein einfaches CRM. Kein Schnickschnack.  Beginnen Sie jetzt und verlieren Sie nie wieder wichtige Kundendaten.<\/p><\/div><\/div>\n\n\n\n<div class=\"wp-block-uagb-buttons uagb-buttons__outer-wrap uagb-btn__default-btn uagb-btn-tablet__default-btn uagb-btn-mobile__default-btn uagb-block-xqqqtzuv\"><div class=\"uagb-buttons__wrap uagb-buttons-layout-wrap \">\n<div class=\"wp-block-uagb-buttons-child uagb-buttons__outer-wrap uagb-block-o2mnep7x wp-block-button\"><div class=\"uagb-button__wrapper\"><a class=\"uagb-buttons-repeater wp-block-button__link\" aria-label=\"\" href=\"https:\/\/crm.qraia.com\/signup\" rel=\"follow noopener\" target=\"_blank\" role=\"button\"><div class=\"uagb-button__link\">EIN KOSTENLOSES KONTO ERSTELLEN<\/div><span class=\"uagb-button__icon uagb-button__icon-position-after\"><svg xmlns=\"https:\/\/www.w3.org\/2000\/svg\" viewbox=\"0 0 448 512\" aria-hidden=\"true\" focussable=\"false\"><path d=\"M438.6 278.6l-160 160C272.4 444.9 264.2 448 256 448s-16.38-3.125-22.62-9.375c-12.5-12.5-12.5-32.75 0-45.25L338.8 288H32C14.33 288 .0016 273.7 .0016 256S14.33 224 32 224h306.8l-105.4-105.4c-12.5-12.5-12.5-32.75 0-45.25s32.75-12.5 45.25 0l160 160C451.1 245.9 451.1 266.1 438.6 278.6z\"><\/path><\/svg><\/span><\/a><\/div><\/div>\n<\/div><\/div>\n<\/div>\n<\/div>\n\n<div class=\"wp-block-uagb-container uagb-block-xdthjrc3 default uagb-is-root-container\">\n<div class=\"wp-block-uagb-info-box uagb-block-bmc15hek uagb-infobox__content-wrap  uagb-infobox-icon-above-title uagb-infobox-image-valign-top\"><div class=\"uagb-ifb-content\"><div class=\"uagb-ifb-title-wrap\"><h1 class=\"uagb-ifb-title-prefix\">Das einfachste CRM<\/h1><h5 class=\"uagb-ifb-title\">F\u00fcr Freiberufler und Selbstst\u00e4ndige, die ein einfach zu bedienendes CRM-System w\u00fcnschen. Und vollst\u00e4ndig.   <br\/>Adressen, Notizen und Aufgaben k\u00f6nnen Sie in Qraia CRM ganz einfach erstellen.<\/h5><\/div><p class=\"uagb-ifb-desc\">Deshalb trauen wir uns zu sagen: Sie k\u00f6nnen <strong><a href=\"https:\/\/qraia.com\/de\/30-sekunden-regel-video\/\">in 30 Sekunden loslegen!<\/a><\/strong><\/p><\/div><\/div>\n\n\n\n<div class=\"wp-block-uagb-container uagb-block-ws2bvbmo\">\n<div class=\"wp-block-uagb-container uagb-block-zafj2abk\">\n<div class=\"wp-block-uagb-container uagb-block-sd6rghrt\">\n<div class=\"wp-block-uagb-info-box uagb-block-48721bfb uagb-infobox__content-wrap  uagb-infobox-icon-above-title uagb-infobox-image-valign-top\"><div class=\"uagb-ifb-content\"><div class=\"uagb-ifb-icon-wrap\"><svg xmlns=\"https:\/\/www.w3.org\/2000\/svg\" viewbox=\"0 0 576 512\"><path d=\"M512 32H64C28.65 32 0 60.65 0 96v320c0 35.35 28.65 64 64 64h448c35.35 0 64-28.65 64-64V96C576 60.65 547.3 32 512 32zM176 128c35.35 0 64 28.65 64 64s-28.65 64-64 64s-64-28.65-64-64S140.7 128 176 128zM272 384h-192C71.16 384 64 376.8 64 368C64 323.8 99.82 288 144 288h64c44.18 0 80 35.82 80 80C288 376.8 280.8 384 272 384zM496 320h-128C359.2 320 352 312.8 352 304S359.2 288 368 288h128C504.8 288 512 295.2 512 304S504.8 320 496 320zM496 256h-128C359.2 256 352 248.8 352 240S359.2 224 368 224h128C504.8 224 512 231.2 512 240S504.8 256 496 256zM496 192h-128C359.2 192 352 184.8 352 176S359.2 160 368 160h128C504.8 160 512 167.2 512 176S504.8 192 496 192z\"><\/path><\/svg><\/div><div class=\"uagb-ifb-title-wrap\"><h3 class=\"uagb-ifb-title\"><a href=\"https:\/\/qraia.com\/de\/kontakte\/\">Verzeichnis<\/a><\/h3><\/div><p class=\"uagb-ifb-desc\">Ein altmodisches Adressbuch, aber digital. Verlieren Sie nie wieder E-Mail-Adressen, Telefonnummern und Adressen. <\/p><\/div><\/div>\n<\/div>\n<\/div>\n\n\n\n<div class=\"wp-block-uagb-container uagb-block-oeuuwzaz\">\n<div class=\"wp-block-uagb-container uagb-block-t6fhy48s\">\n<div class=\"wp-block-uagb-info-box uagb-block-e96d515d uagb-infobox__content-wrap  uagb-infobox-icon-above-title uagb-infobox-image-valign-top\"><div class=\"uagb-ifb-content\"><div class=\"uagb-ifb-icon-wrap\"><svg xmlns=\"https:\/\/www.w3.org\/2000\/svg\" viewbox=\"0 0 448 512\"><path d=\"M400 32h-352C21.49 32 0 53.49 0 80v352C0 458.5 21.49 480 48 480h245.5c16.97 0 33.25-6.744 45.26-18.75l90.51-90.51C441.3 358.7 448 342.5 448 325.5V80C448 53.49 426.5 32 400 32zM64 96h320l-.001 224H320c-17.67 0-32 14.33-32 32v64H64V96z\"><\/path><\/svg><\/div><div class=\"uagb-ifb-title-wrap\"><h3 class=\"uagb-ifb-title\"><a href=\"https:\/\/qraia.com\/adresboek\/\"><\/a><a href=\"https:\/\/qraia.com\/de\/notities\/\">Anmerkungen<\/a><\/h3><\/div><p class=\"uagb-ifb-desc\">Egal, ob Sie ein Gespr\u00e4chsprotokoll oder eine To-Do-Liste f\u00fcr das n\u00e4chste Treffen erstellen, schreiben Sie es einfach auf, bevor Sie es vergessen.<\/p><\/div><\/div>\n<\/div>\n<\/div>\n\n\n\n<div class=\"wp-block-uagb-container uagb-block-b9sjglg5\">\n<div class=\"wp-block-uagb-container uagb-block-rqcigycj\">\n<div class=\"wp-block-uagb-info-box uagb-block-6818d666 uagb-infobox__content-wrap  uagb-infobox-icon-above-title uagb-infobox-image-valign-top\"><div class=\"uagb-ifb-content\"><div class=\"uagb-ifb-icon-wrap\"><svg xmlns=\"https:\/\/www.w3.org\/2000\/svg\" viewbox=\"0 0 512 512\"><path d=\"M152.1 38.16C161.9 47.03 162.7 62.2 153.8 72.06L81.84 152.1C77.43 156.9 71.21 159.8 64.63 159.1C58.05 160.2 51.69 157.6 47.03 152.1L7.029 112.1C-2.343 103.6-2.343 88.4 7.029 79.03C16.4 69.66 31.6 69.66 40.97 79.03L63.08 101.1L118.2 39.94C127 30.09 142.2 29.29 152.1 38.16V38.16zM152.1 198.2C161.9 207 162.7 222.2 153.8 232.1L81.84 312.1C77.43 316.9 71.21 319.8 64.63 319.1C58.05 320.2 51.69 317.6 47.03 312.1L7.029 272.1C-2.343 263.6-2.343 248.4 7.029 239C16.4 229.7 31.6 229.7 40.97 239L63.08 261.1L118.2 199.9C127 190.1 142.2 189.3 152.1 198.2V198.2zM224 96C224 78.33 238.3 64 256 64H480C497.7 64 512 78.33 512 96C512 113.7 497.7 128 480 128H256C238.3 128 224 113.7 224 96V96zM224 256C224 238.3 238.3 224 256 224H480C497.7 224 512 238.3 512 256C512 273.7 497.7 288 480 288H256C238.3 288 224 273.7 224 256zM160 416C160 398.3 174.3 384 192 384H480C497.7 384 512 398.3 512 416C512 433.7 497.7 448 480 448H192C174.3 448 160 433.7 160 416zM0 416C0 389.5 21.49 368 48 368C74.51 368 96 389.5 96 416C96 442.5 74.51 464 48 464C21.49 464 0 442.5 0 416z\"><\/path><\/svg><\/div><div class=\"uagb-ifb-title-wrap\"><h3 class=\"uagb-ifb-title\"><a href=\"https:\/\/qraia.com\/adresboek\/\"><\/a><a href=\"https:\/\/qraia.com\/de\/aufgaben\/\">Aufgaben<\/a><\/h3><\/div><p class=\"uagb-ifb-desc\">Um Priorit\u00e4ten zu setzen. Mit Aufgaben behalten Sie ganz einfach den \u00dcberblick \u00fcber Ihre Arbeit und wissen immer, welche Aufgaben Sie noch zu erledigen haben. <\/p><\/div><\/div>\n<\/div>\n<\/div>\n<\/div>\n\n\n\n<div class=\"wp-block-uagb-container uagb-block-ebafb5cc\">\n<div class=\"wp-block-uagb-container uagb-block-43b05dce\">\n<div class=\"wp-block-uagb-container uagb-block-472aa2b0\">\n<div class=\"wp-block-uagb-info-box uagb-block-8ba5563e uagb-infobox__content-wrap  uagb-infobox-icon-above-title uagb-infobox-image-valign-top\"><div class=\"uagb-ifb-content\"><div class=\"uagb-ifb-icon-wrap\"><svg xmlns=\"https:\/\/www.w3.org\/2000\/svg\" viewbox=\"0 0 512 512\"><path d=\"M472.8 168.4C525.1 221.4 525.1 306.6 472.8 359.6L360.8 472.9C351.5 482.3 336.3 482.4 326.9 473.1C317.4 463.8 317.4 448.6 326.7 439.1L438.6 325.9C472.5 291.6 472.5 236.4 438.6 202.1L310.9 72.87C301.5 63.44 301.6 48.25 311.1 38.93C320.5 29.61 335.7 29.7 344.1 39.13L472.8 168.4zM.0003 229.5V80C.0003 53.49 21.49 32 48 32H197.5C214.5 32 230.7 38.74 242.7 50.75L410.7 218.7C435.7 243.7 435.7 284.3 410.7 309.3L277.3 442.7C252.3 467.7 211.7 467.7 186.7 442.7L18.75 274.7C6.743 262.7 0 246.5 0 229.5L.0003 229.5zM112 112C94.33 112 80 126.3 80 144C80 161.7 94.33 176 112 176C129.7 176 144 161.7 144 144C144 126.3 129.7 112 112 112z\"><\/path><\/svg><\/div><div class=\"uagb-ifb-title-wrap\"><h3 class=\"uagb-ifb-title\"><a href=\"https:\/\/qraia.com\/adresboek\/\"><\/a><a href=\"https:\/\/qraia.com\/de\/etikett\/\">Tags<\/a><\/h3><\/div><p class=\"uagb-ifb-desc\">Verkn\u00fcpfen Sie alles. Aber Sie verkn\u00fcpfen wirklich alle Notizen, Aufgaben, Kontakte und Unternehmen mit einem Thema <\/p><\/div><\/div>\n<\/div>\n<\/div>\n\n\n\n<div class=\"wp-block-uagb-container uagb-block-f864ded7\">\n<div class=\"wp-block-uagb-container uagb-block-54a182d6\">\n<div class=\"wp-block-uagb-info-box uagb-block-cdac8907 uagb-infobox__content-wrap  uagb-infobox-icon-above-title uagb-infobox-image-valign-top\"><div class=\"uagb-ifb-content\"><div class=\"uagb-ifb-icon-wrap\"><svg xmlns=\"https:\/\/www.w3.org\/2000\/svg\" viewbox=\"0 0 640 512\"><path d=\"M480 192H592C618.5 192 640 213.5 640 240V464C640 490.5 618.5 512 592 512H48C21.49 512 0 490.5 0 464V144C0 117.5 21.49 96 48 96H64V24C64 10.75 74.75 0 88 0C101.3 0 112 10.75 112 24V96H176V24C176 10.75 186.7 0 200 0C213.3 0 224 10.75 224 24V96H288V48C288 21.49 309.5 0 336 0H432C458.5 0 480 21.49 480 48V192zM576 368C576 359.2 568.8 352 560 352H528C519.2 352 512 359.2 512 368V400C512 408.8 519.2 416 528 416H560C568.8 416 576 408.8 576 400V368zM240 416C248.8 416 256 408.8 256 400V368C256 359.2 248.8 352 240 352H208C199.2 352 192 359.2 192 368V400C192 408.8 199.2 416 208 416H240zM128 368C128 359.2 120.8 352 112 352H80C71.16 352 64 359.2 64 368V400C64 408.8 71.16 416 80 416H112C120.8 416 128 408.8 128 400V368zM528 256C519.2 256 512 263.2 512 272V304C512 312.8 519.2 320 528 320H560C568.8 320 576 312.8 576 304V272C576 263.2 568.8 256 560 256H528zM256 176C256 167.2 248.8 160 240 160H208C199.2 160 192 167.2 192 176V208C192 216.8 199.2 224 208 224H240C248.8 224 256 216.8 256 208V176zM80 160C71.16 160 64 167.2 64 176V208C64 216.8 71.16 224 80 224H112C120.8 224 128 216.8 128 208V176C128 167.2 120.8 160 112 160H80zM256 272C256 263.2 248.8 256 240 256H208C199.2 256 192 263.2 192 272V304C192 312.8 199.2 320 208 320H240C248.8 320 256 312.8 256 304V272zM112 320C120.8 320 128 312.8 128 304V272C128 263.2 120.8 256 112 256H80C71.16 256 64 263.2 64 272V304C64 312.8 71.16 320 80 320H112zM416 272C416 263.2 408.8 256 400 256H368C359.2 256 352 263.2 352 272V304C352 312.8 359.2 320 368 320H400C408.8 320 416 312.8 416 304V272zM368 64C359.2 64 352 71.16 352 80V112C352 120.8 359.2 128 368 128H400C408.8 128 416 120.8 416 112V80C416 71.16 408.8 64 400 64H368zM416 176C416 167.2 408.8 160 400 160H368C359.2 160 352 167.2 352 176V208C352 216.8 359.2 224 368 224H400C408.8 224 416 216.8 416 208V176z\"><\/path><\/svg><\/div><div class=\"uagb-ifb-title-wrap\"><h3 class=\"uagb-ifb-title\"><a href=\"https:\/\/qraia.com\/adresboek\/\"><\/a><a href=\"https:\/\/qraia.com\/de\/organisationen\/\">Unternehmen<\/a><\/h3><\/div><p class=\"uagb-ifb-desc\">Speichern Sie Unternehmensdaten. Verkn\u00fcpfen Sie Kontakte mit dem Unternehmen. <\/p><\/div><\/div>\n<\/div>\n<\/div>\n\n\n\n<div class=\"wp-block-uagb-container uagb-block-56118a9c\">\n<div class=\"wp-block-uagb-container uagb-block-a55bcbed\">\n<div class=\"wp-block-uagb-info-box uagb-block-8441ca1e uagb-infobox__content-wrap  uagb-infobox-icon-above-title uagb-infobox-image-valign-top\"><div class=\"uagb-ifb-content\"><div class=\"uagb-ifb-icon-wrap\"><svg xmlns=\"https:\/\/www.w3.org\/2000\/svg\" viewbox=\"0 0 640 512\"><path d=\"M334.6 217.4l-30 27.49C264 282.1 217.8 256.8 202.9 240.6C176 211.2 178.1 165.7 207.3 138.9L289.1 64H282.5C224.7 64 169.1 86.95 128.2 127.8L32 128.1c-17.6 0-32 14.39-32 31.98v159.8c0 17.59 14.4 32.04 31.1 32.04l114.3-.0604l90.5 81.82c27.5 22.37 67.75 18.11 90-9.255l18.12 15.25c15.88 12.1 39.38 10.5 52.38-5.369l31.38-38.6l5.374 4.498c13.75 11 33.88 9.002 45-4.748l9.576-11.83c11.08-13.7 8.979-33.75-4.701-44.86L334.6 217.4zM608 128.1l-96-.1257c-40.98-40.96-96.56-63.88-154.5-63.88L348.9 64c-8 0-15.62 3.197-21.62 8.568L229 162.3C228.9 162.5 228.8 162.7 228.8 162.7C212 178.5 212.4 203.3 226.6 218.7c9.625 10.5 35 21.62 56.13 2.75c0-.125 .25-.125 .375-.25l80-73.1c6.5-5.871 16.62-5.496 22.62 1s5.5 16.62-1 22.62l-26.12 23.87l145.6 118.1c12.12 9.992 19.5 23.49 22.12 37.98L608 351.7c17.6 0 32-14.38 32-31.98V160.1C640 142.4 625.7 128.1 608 128.1z\"><\/path><\/svg><\/div><div class=\"uagb-ifb-title-wrap\"><h3 class=\"uagb-ifb-title\"><a href=\"https:\/\/qraia.com\/adresboek\/\"><\/a><a href=\"https:\/\/qraia.com\/de\/team\/\">Team<\/a><\/h3><\/div><p class=\"uagb-ifb-desc\">Arbeiten Sie mit Ihrem Team zusammen. Oder mit Partnern. Auf diese Weise haben Sie immer alle Daten an einem Ort und jeder wei\u00df, was seine Aufgaben sind.  <\/p><\/div><\/div>\n<\/div>\n<\/div>\n<\/div>\n<\/div>\n\n<div class=\"wp-block-uagb-container uagb-block-ozsvljzd default uagb-is-root-container\">\n<div class=\"wp-block-uagb-container uagb-block-glfhq3re\">\n<div class=\"wp-block-uagb-info-box uagb-block-xzbwenzs uagb-infobox__content-wrap  uagb-infobox-icon-above-title uagb-infobox-image-valign-top\"><div class=\"uagb-ifb-content\"><div class=\"uagb-ifb-title-wrap\"><h2 class=\"uagb-ifb-title\">Einfaches CRM f\u00fcr Freiberufler und Unternehmer<br\/><\/h2><\/div><p class=\"uagb-ifb-desc\">Ein einfaches CRM f\u00fcr Unternehmer und Freiberufler.  <br\/>Ein CRM, mit dem Sie sofort loslegen k\u00f6nnen und auf einen Blick sehen, wie es um Ihr Unternehmen oder Ihre Organisation steht.  <br\/>Machen Sie das System zu Ihrem eigenen, indem Sie Ihre Kontakte und Notizen hinzuf\u00fcgen.<br\/><\/p><div class=\"uagb-ifb-button-wrapper wp-block-button\"><a href=\"https:\/\/crm.qraia.com\/signup\" class=\"uagb-infobox-cta-link wp-block-button__link\" target=\"_blank\" rel=\"noopener noreferrer\" onclick=\"return true;\"><span class=\"uagb-inline-editing\">EIN KOSTENLOSES KONTO ERSTELLEN<\/span><\/a><\/div><\/div><\/div>\n<\/div>\n<\/div>\n\n<div class=\"wp-block-uagb-container uagb-block-do6njzyo default uagb-is-root-container\">\n<div class=\"wp-block-uagb-info-box uagb-block-8fxafgdj uagb-infobox__content-wrap  uagb-infobox-icon-above-title uagb-infobox-image-valign-top\"><div class=\"uagb-ifb-content\"><div class=\"uagb-ifb-title-wrap\"><span class=\"uagb-ifb-title-prefix\"><br\/>Was unsere Benutzer sagen<\/span><\/div><p class=\"uagb-ifb-desc\">Wir sind stolz auf die Bewertungen unserer Nutzer und freuen uns, sie mit Ihnen zu teilen<\/p><\/div><\/div>\n\n\n\n<div class=\"wp-block-uagb-container uagb-block-txckgogg\">\n<div class=\"wp-block-uagb-container uagb-block-4tld3wsq\">\n<div class=\"wp-block-uagb-container uagb-block-fqmgo7ms\">\n<div class=\"wp-block-uagb-star-rating uagb-block-xe7vyfbt\"><div class=\"uag-star-rating\" title=\"5\/5\"><span class=\"uag-star\">\u2605<\/span><span class=\"uag-star\">\u2605<\/span><span class=\"uag-star\">\u2605<\/span><span class=\"uag-star\">\u2605<\/span><span class=\"uag-star\">\u2605<\/span><\/div><\/div>\n\n\n\n<div class=\"wp-block-uagb-info-box uagb-block-brvp95ak uagb-infobox__content-wrap  uagb-infobox-icon-above-title uagb-infobox-image-valign-top\"><div class=\"uagb-ifb-content\"><div class=\"uagb-ifb-title-wrap\"><\/div><p class=\"uagb-ifb-desc\">&#8222;Keine verlorenen Kontakte und Anrufprotokolle mehr und ich kann sie leicht wiederfinden. Das ist echtes Gold&#8220;<\/p><\/div><\/div>\n\n\n\n<div class=\"wp-block-uagb-info-box uagb-block-intwj276 uagb-infobox__content-wrap  uagb-infobox-icon-left uagb-infobox-left uagb-infobox-image-valign-middle\"><div class=\"uagb-ifb-content\"><div class=\"uagb-ifb-title-wrap\"><h6 class=\"uagb-ifb-title\">Nadine<\/h6><\/div><p class=\"uagb-ifb-desc\">Selbstst\u00e4ndig<br\/><\/p><\/div><\/div>\n<\/div>\n\n\n\n<div class=\"wp-block-uagb-container uagb-block-c27a7f34\">\n<div class=\"wp-block-uagb-star-rating uagb-block-fcaea6a4\"><div class=\"uag-star-rating\" title=\"5\/5\"><span class=\"uag-star\">\u2605<\/span><span class=\"uag-star\">\u2605<\/span><span class=\"uag-star\">\u2605<\/span><span class=\"uag-star\">\u2605<\/span><span class=\"uag-star\">\u2605<\/span><\/div><\/div>\n\n\n\n<div class=\"wp-block-uagb-info-box uagb-block-de959a33 uagb-infobox__content-wrap  uagb-infobox-icon-above-title uagb-infobox-image-valign-top\"><div class=\"uagb-ifb-content\"><div class=\"uagb-ifb-title-wrap\"><\/div><p class=\"uagb-ifb-desc\">&#8222;Das F\u00fchren von einfachen Gespr\u00e4chsberichten war etwas, das ich immer gef\u00fcrchtet habe, aber mit Qraia nicht mehr. <br\/>Schreiben Sie einfach alles auf, ohne Ablenkungen oder unn\u00f6tige Funktionen.&#8220;<\/p><\/div><\/div>\n\n\n\n<div class=\"wp-block-uagb-info-box uagb-block-b16add86 uagb-infobox__content-wrap  uagb-infobox-icon-left uagb-infobox-left uagb-infobox-image-valign-middle\"><div class=\"uagb-ifb-content\"><div class=\"uagb-ifb-title-wrap\"><h6 class=\"uagb-ifb-title\">Hugo<\/h6><\/div><p class=\"uagb-ifb-desc\">Selbstst\u00e4ndig<br\/><\/p><\/div><\/div>\n<\/div>\n\n\n\n<div class=\"wp-block-uagb-container uagb-block-bb84d7cd\">\n<div class=\"wp-block-uagb-star-rating uagb-block-fd698418\"><div class=\"uag-star-rating\" title=\"5\/5\"><span class=\"uag-star\">\u2605<\/span><span class=\"uag-star\">\u2605<\/span><span class=\"uag-star\">\u2605<\/span><span class=\"uag-star\">\u2605<\/span><span class=\"uag-star\">\u2605<\/span><\/div><\/div>\n\n\n\n<div class=\"wp-block-uagb-info-box uagb-block-8b3fcc0f uagb-infobox__content-wrap  uagb-infobox-icon-above-title uagb-infobox-image-valign-top\"><div class=\"uagb-ifb-content\"><div class=\"uagb-ifb-title-wrap\"><\/div><p class=\"uagb-ifb-desc\">&#8222;Einfaches System, mit dem Sie im Handumdrehen loslegen k\u00f6nnen. <br\/>Egal, ob Sie nur Ihre Kontakte aufbewahren und gelegentlich eine Notiz machen wollen oder ob Sie es jeden Tag benutzen, es funktioniert einfach.&#8220;<br\/><\/p><\/div><\/div>\n\n\n\n<div class=\"wp-block-uagb-info-box uagb-block-12703073 uagb-infobox__content-wrap  uagb-infobox-icon-left uagb-infobox-left uagb-infobox-image-valign-middle\"><div class=\"uagb-ifb-content\"><div class=\"uagb-ifb-title-wrap\"><h6 class=\"uagb-ifb-title\">Nick<\/h6><\/div><p class=\"uagb-ifb-desc\">Freiberufler<br\/><\/p><\/div><\/div>\n<\/div>\n\n\n\n<div class=\"wp-block-uagb-container uagb-block-f50f83f1\">\n<div class=\"wp-block-uagb-star-rating uagb-block-e7cef1e1\"><div class=\"uag-star-rating\" title=\"5\/5\"><span class=\"uag-star\">\u2605<\/span><span class=\"uag-star\">\u2605<\/span><span class=\"uag-star\">\u2605<\/span><span class=\"uag-star\">\u2605<\/span><span class=\"uag-star\">\u2605<\/span><\/div><\/div>\n\n\n\n<div class=\"wp-block-uagb-info-box uagb-block-ff867035 uagb-infobox__content-wrap  uagb-infobox-icon-above-title uagb-infobox-image-valign-top\"><div class=\"uagb-ifb-content\"><div class=\"uagb-ifb-title-wrap\"><\/div><p class=\"uagb-ifb-desc\">&#8222;Ich wollte meine Kontakte ganz einfach online im Auge behalten.  <br\/>Das ist jetzt wirklich einfach.  <br\/>Und diese zus\u00e4tzlichen Funktionen sind ein gro\u00dfer Bonus.&#8220;<br\/><\/p><\/div><\/div>\n\n\n\n<div class=\"wp-block-uagb-info-box uagb-block-410afaf9 uagb-infobox__content-wrap  uagb-infobox-icon-left uagb-infobox-left uagb-infobox-image-valign-middle\"><div class=\"uagb-ifb-content\"><div class=\"uagb-ifb-title-wrap\"><h6 class=\"uagb-ifb-title\">Elizabeth<\/h6><\/div><p class=\"uagb-ifb-desc\">Privat<br\/><\/p><\/div><\/div>\n<\/div>\n<\/div>\n\n\n\n<div class=\"wp-block-uagb-info-box uagb-block-d78af61d uagb-infobox__content-wrap  uagb-infobox-icon-above-title uagb-infobox-image-valign-top\"><div class=\"uagb-ifb-content\"><div class=\"uagb-ifb-title-wrap\"><\/div><p class=\"uagb-ifb-desc\"><a href=\"https:\/\/www.trustpilot.com\/review\/qraia.com?utm_medium=trustbox&amp;utm_source=MicroReviewCount\" target=\"_blank\" rel=\"noreferrer noopener\">Sehen Sie sich unsere Bewertungen auf <\/a><strong><a href=\"https:\/\/www.trustpilot.com\/review\/qraia.com?utm_medium=trustbox&amp;utm_source=MicroReviewCount\">Trustpilot<\/a><\/strong><\/p><\/div><\/div>\n<\/div>\n<\/div>\n","protected":false},"excerpt":{"rendered":"","protected":false},"author":2,"featured_media":0,"parent":0,"menu_order":0,"comment_status":"closed","ping_status":"closed","template":"","meta":{"tpgb_global_settings":"","_uag_custom_page_level_css":"","advanced_seo_description":"","jetpack_seo_html_title":"","jetpack_seo_noindex":false,"footnotes":""},"class_list":["post-9601","page","type-page","status-publish","hentry"],"tpgb_featured_images":null,"tpgb_post_meta_info":{"get_date":"5 M\u00e4rz 2024","get_modified_date":"3 Februar 2025","author_name":"Qraia CRM","author_url":"https:\/\/qraia.com\/de\/author\/aqadminuse1\/","author_email":"crm@qraia.com","author_website":"https:\/\/qraia.com","author_description":"fMVix5L(nyB%D6UrRi7RKtsj aQadminUse1","author_facebook":"","author_twitter":"","author_instagram":"","author_role":["administrator"],"author_firstname":"Qraia","author_lastname":"CRM","user_login":"aQadminUse1","author_avatar":"<img alt='' src='https:\/\/secure.gravatar.com\/avatar\/b10245e741920edd52365ebfa9f18c05eacb89dd86ed7878a58dea199f52aab4?s=200&#038;d=mm&#038;r=g' srcset='https:\/\/secure.gravatar.com\/avatar\/b10245e741920edd52365ebfa9f18c05eacb89dd86ed7878a58dea199f52aab4?s=400&#038;d=mm&#038;r=g 2x' class='avatar avatar-200 photo' height='200' width='200' loading='lazy' decoding='async'\/>","author_avatar_url":"https:\/\/secure.gravatar.com\/avatar\/b10245e741920edd52365ebfa9f18c05eacb89dd86ed7878a58dea199f52aab4?s=96&d=mm&r=g","comment_count":0,"post_likes":0,"post_views":0},"tpgb_post_category":[],"uagb_featured_image_src":{"full":false,"thumbnail":false,"medium":false,"medium_large":false,"large":false,"1536x1536":false,"2048x2048":false,"tp-image-grid":false},"uagb_author_info":{"display_name":"Qraia CRM","author_link":"https:\/\/qraia.com\/de\/author\/aqadminuse1\/"},"uagb_comment_info":0,"uagb_excerpt":null,"jetpack_shortlink":"https:\/\/wp.me\/PcWCNB-2uR","jetpack_sharing_enabled":true,"jetpack-related-posts":[],"_links":{"self":[{"href":"https:\/\/qraia.com\/de\/wp-json\/wp\/v2\/pages\/9601","targetHints":{"allow":["GET"]}}],"collection":[{"href":"https:\/\/qraia.com\/de\/wp-json\/wp\/v2\/pages"}],"about":[{"href":"https:\/\/qraia.com\/de\/wp-json\/wp\/v2\/types\/page"}],"author":[{"embeddable":true,"href":"https:\/\/qraia.com\/de\/wp-json\/wp\/v2\/users\/2"}],"replies":[{"embeddable":true,"href":"https:\/\/qraia.com\/de\/wp-json\/wp\/v2\/comments?post=9601"}],"version-history":[{"count":4,"href":"https:\/\/qraia.com\/de\/wp-json\/wp\/v2\/pages\/9601\/revisions"}],"predecessor-version":[{"id":10763,"href":"https:\/\/qraia.com\/de\/wp-json\/wp\/v2\/pages\/9601\/revisions\/10763"}],"wp:attachment":[{"href":"https:\/\/qraia.com\/de\/wp-json\/wp\/v2\/media?parent=9601"}],"curies":[{"name":"wp","href":"https:\/\/api.w.org\/{rel}","templated":true}]}}