{"id":9589,"date":"2024-03-15T11:09:31","date_gmt":"2024-03-15T11:09:31","guid":{"rendered":"https:\/\/qraia.com\/selbstaendige\/"},"modified":"2024-10-16T16:37:32","modified_gmt":"2024-10-16T16:37:32","slug":"selbstaendige","status":"publish","type":"page","link":"https:\/\/qraia.com\/de\/selbstaendige\/","title":{"rendered":"Selbst\u00e4ndige"},"content":{"rendered":"\n<div class=\"wp-block-uagb-container uagb-block-z5xibxam default uagb-is-root-container\">\n<div class=\"wp-block-uagb-container uagb-block-ndkfwihg\">\n<div class=\"wp-block-tpgb-tp-image tpgb-image tpgb-block-6f35_781\"><figure class=\"tpgb-figure\"><img data-recalc-dims=\"1\" decoding=\"async\" src=\"https:\/\/i0.wp.com\/qraia.com\/wp-content\/uploads\/2024\/03\/crm345.webp?w=1200&#038;ssl=1\" class=\"tpgb-img-inner\"><\/figure><\/div>\n<\/div>\n\n\n\n<div class=\"wp-block-uagb-container uagb-block-nomg77xl\">\n<div class=\"wp-block-uagb-info-box uagb-block-deohuwgs uagb-infobox__content-wrap  uagb-infobox-icon-above-title uagb-infobox-image-valign-top\"><div class=\"uagb-ifb-content\"><div class=\"uagb-ifb-title-wrap\"><h3 class=\"uagb-ifb-title\">CRM f\u00fcr Selbst\u00e4ndige<\/h3><\/div><p class=\"uagb-ifb-desc\">Auch Selbstst\u00e4ndige ben\u00f6tigen ein einfaches CRM-System, um in Kontakt zu bleiben und Beziehungen zu pflegen. Dabei sind die Anforderungen, die sie stellen, andere als die von Gro\u00dfunternehmen. Es muss einfach sein, man muss schnell loslegen k\u00f6nnen und es muss erschwinglich sein. Dies sind alle drei Schwerpunkte von Qraias Simple CRM.   <br\/><br\/>Kontakte im Auge zu behalten, Beziehungen aufzubauen und sicherzustellen, dass Sie \u00fcber gute Aufzeichnungen verf\u00fcgen, sind alles einfache Aufgaben eines CRM-Systems. So k\u00f6nnen Sie sich auf Ihre Arbeit konzentrieren und haben dennoch jederzeit und \u00fcberall den \u00dcberblick. <br\/><strong> <\/strong><br\/><\/p><\/div><\/div>\n\n\n\n<div class=\"wp-block-uagb-buttons uagb-buttons__outer-wrap uagb-btn__default-btn uagb-btn-tablet__default-btn uagb-btn-mobile__default-btn uagb-block-xqqqtzuv\"><div class=\"uagb-buttons__wrap uagb-buttons-layout-wrap\">\n<div class=\"wp-block-uagb-buttons-child uagb-buttons__outer-wrap uagb-block-o2mnep7x wp-block-button\"><div class=\"uagb-button__wrapper\"><a class=\"uagb-buttons-repeater wp-block-button__link\" aria-label=\"\" href=\"#\" rel=\"follow noopener\" target=\"_self\"><div class=\"uagb-button__link\">EIN KOSTENLOSES KONTO ERSTELLEN<\/div><span class=\"uagb-button__icon uagb-button__icon-position-after\"><svg xmlns=\"https:\/\/www.w3.org\/2000\/svg\" viewbox=\"0 0 448 512\" aria-hidden=\"true\" focussable=\"false\"><path d=\"M438.6 278.6l-160 160C272.4 444.9 264.2 448 256 448s-16.38-3.125-22.62-9.375c-12.5-12.5-12.5-32.75 0-45.25L338.8 288H32C14.33 288 .0016 273.7 .0016 256S14.33 224 32 224h306.8l-105.4-105.4c-12.5-12.5-12.5-32.75 0-45.25s32.75-12.5 45.25 0l160 160C451.1 245.9 451.1 266.1 438.6 278.6z\"><\/path><\/svg><\/span><\/a><\/div><\/div>\n<\/div><\/div>\n<\/div>\n<\/div>\n\n<div class=\"wp-block-uagb-container uagb-block-ozsvljzd default uagb-is-root-container\">\n<div class=\"wp-block-uagb-container uagb-block-glfhq3re\">\n<div class=\"wp-block-uagb-info-box uagb-block-xzbwenzs uagb-infobox__content-wrap  uagb-infobox-icon-above-title uagb-infobox-image-valign-top\"><div class=\"uagb-ifb-content\"><div class=\"uagb-ifb-title-wrap\"><\/div><p class=\"uagb-ifb-desc\">Testen Sie jetzt das neue Qraia CRM und <br\/><a href=\"https:\/\/app.qraia.com\/signup\">Erstellen<\/a> Sie ein kostenloses Konto. Das Standardkonto bleibt immer kostenlos, w\u00e4hrend wir kontinuierlich neue erweiterte Funktionen hinzuf\u00fcgen, um Ihnen das Leben zu erleichtern.  <br\/>Also, worauf warten Sie noch?<\/p><div class=\"uagb-ifb-button-wrapper wp-block-button\"><a href=\"#\" class=\"uagb-infobox-cta-link wp-block-button__link\" target=\"_self\" rel=\"noopener noreferrer\" onclick=\"return false;\" alt=\"\"><span class=\"uagb-inline-editing\">EIN KOSTENLOSES KONTO ERSTELLEN<\/span><\/a><\/div><\/div><\/div>\n<\/div>\n<\/div>\n","protected":false},"excerpt":{"rendered":"","protected":false},"author":2,"featured_media":0,"parent":0,"menu_order":0,"comment_status":"closed","ping_status":"closed","template":"","meta":{"tpgb_global_settings":"","_uag_custom_page_level_css":"","advanced_seo_description":"","jetpack_seo_html_title":"","jetpack_seo_noindex":false,"footnotes":""},"class_list":["post-9589","page","type-page","status-publish","hentry"],"tpgb_featured_images":null,"tpgb_post_meta_info":{"get_date":"15 M\u00e4rz 2024","get_modified_date":"16 Oktober 2024","author_name":"Qraia CRM","author_url":"https:\/\/qraia.com\/de\/author\/aqadminuse1\/","author_email":"crm@qraia.com","author_website":"https:\/\/qraia.com","author_description":"fMVix5L(nyB%D6UrRi7RKtsj aQadminUse1","author_facebook":"","author_twitter":"","author_instagram":"","author_role":["administrator"],"author_firstname":"Qraia","author_lastname":"CRM","user_login":"aQadminUse1","author_avatar":"<img alt='' src='https:\/\/secure.gravatar.com\/avatar\/b10245e741920edd52365ebfa9f18c05eacb89dd86ed7878a58dea199f52aab4?s=200&#038;d=mm&#038;r=g' srcset='https:\/\/secure.gravatar.com\/avatar\/b10245e741920edd52365ebfa9f18c05eacb89dd86ed7878a58dea199f52aab4?s=400&#038;d=mm&#038;r=g 2x' class='avatar avatar-200 photo' height='200' width='200' loading='lazy' decoding='async'\/>","author_avatar_url":"https:\/\/secure.gravatar.com\/avatar\/b10245e741920edd52365ebfa9f18c05eacb89dd86ed7878a58dea199f52aab4?s=96&d=mm&r=g","comment_count":0,"post_likes":0,"post_views":0},"tpgb_post_category":[],"uagb_featured_image_src":{"full":false,"thumbnail":false,"medium":false,"medium_large":false,"large":false,"1536x1536":false,"2048x2048":false,"tp-image-grid":false},"uagb_author_info":{"display_name":"Qraia CRM","author_link":"https:\/\/qraia.com\/de\/author\/aqadminuse1\/"},"uagb_comment_info":0,"uagb_excerpt":null,"jetpack_shortlink":"https:\/\/wp.me\/PcWCNB-2uF","jetpack_sharing_enabled":true,"jetpack-related-posts":[],"_links":{"self":[{"href":"https:\/\/qraia.com\/de\/wp-json\/wp\/v2\/pages\/9589","targetHints":{"allow":["GET"]}}],"collection":[{"href":"https:\/\/qraia.com\/de\/wp-json\/wp\/v2\/pages"}],"about":[{"href":"https:\/\/qraia.com\/de\/wp-json\/wp\/v2\/types\/page"}],"author":[{"embeddable":true,"href":"https:\/\/qraia.com\/de\/wp-json\/wp\/v2\/users\/2"}],"replies":[{"embeddable":true,"href":"https:\/\/qraia.com\/de\/wp-json\/wp\/v2\/comments?post=9589"}],"version-history":[{"count":1,"href":"https:\/\/qraia.com\/de\/wp-json\/wp\/v2\/pages\/9589\/revisions"}],"predecessor-version":[{"id":9590,"href":"https:\/\/qraia.com\/de\/wp-json\/wp\/v2\/pages\/9589\/revisions\/9590"}],"wp:attachment":[{"href":"https:\/\/qraia.com\/de\/wp-json\/wp\/v2\/media?parent=9589"}],"curies":[{"name":"wp","href":"https:\/\/api.w.org\/{rel}","templated":true}]}}