{"id":9585,"date":"2024-02-26T21:40:42","date_gmt":"2024-02-26T21:40:42","guid":{"rendered":"https:\/\/qraia.com\/preise\/"},"modified":"2024-12-04T15:43:01","modified_gmt":"2024-12-04T15:43:01","slug":"preise","status":"publish","type":"page","link":"https:\/\/qraia.com\/de\/preise\/","title":{"rendered":"Preise"},"content":{"rendered":"\n<p><\/p>\n\n\n\n<div class=\"wp-block-uagb-container uagb-block-hzpfyfvb default uagb-is-root-container\">\n<div class=\"wp-block-uagb-container uagb-block-zubjsbhl\">\n<div class=\"wp-block-uagb-info-box uagb-block-rd0eo43j uagb-infobox__content-wrap  uagb-infobox-icon-above-title uagb-infobox-image-valign-top\"><div class=\"uagb-ifb-content\"><div class=\"uagb-ifb-title-wrap\"><h2 class=\"uagb-ifb-title\">Preise und Funktionen<\/h2><\/div><p class=\"uagb-ifb-desc\">W\u00e4hlen Sie das Qraia-Paket, das zu Ihnen passt. Egal, ob Sie nur ein paar Kontakte speichern und Notizen machen oder mit einem gro\u00dfen Team zusammenarbeiten m\u00f6chten, es gibt ein Paket f\u00fcr Ihre Bed\u00fcrfnisse.   <br>Die Grundlagen sind immer kostenlos.  <br>F\u00fcr mehr Funktionen und Optionen k\u00f6nnen Sie auf Advanced (und in Zukunft auch auf Super) upgraden. Damit k\u00f6nnen Sie mehr Kontakte, Notizen und Unternehmen speichern.   <br>Und Ihr Konto ist mit 2FA extra gesichert.  <br>Sie bleiben flexibel und k\u00f6nnen wechseln, wenn Sie mehr (oder weniger) Optionen ben\u00f6tigen.  <br><\/p><\/div><\/div>\n<\/div>\n<\/div>\n\n\n\n<div class=\"wp-block-uagb-container uagb-block-2b100ba6 default uagb-is-root-container\">\n<div class=\"wp-block-uagb-info-box uagb-block-9a7988e9 uagb-infobox__content-wrap  uagb-infobox-icon-above-title uagb-infobox-image-valign-top\"><div class=\"uagb-ifb-content\"><div class=\"uagb-ifb-title-wrap\"><span class=\"uagb-ifb-title-prefix\">Preise und Abonnements<\/span><\/div><\/div><\/div>\n\n\n\n<div class=\"wp-block-uagb-container uagb-block-efbf259c\">\n<div class=\"wp-block-uagb-container uagb-block-0c1cd9bf\">\n<div class=\"wp-block-uagb-container uagb-block-51c871d0\"><div class=\"tpgb-pricing-table tpgb-relative-block tpgb-trans-linear pricing-style-3 hover_normal tpgb-block-dcb4_9585 \"><div class=\"pricing-table-inner tpgb-trans-linear\"><div class=\"pricing-top-part tpgb-trans-linear\"><div class=\"pricing-ribbon-pin tpgb-relative-block style-2\"><div class=\"ribbon-pin-inner tpgb-trans-linear\">Demn\u00e4chst verf\u00fcgbar!<\/div><\/div><div class=\"pricing-title-content tpgb-relative-block style-1\"><div class=\"pricing-title-wrap\"><div class=\"pricing-title tpgb-trans-linear\"><br>Super<\/div><\/div><\/div><div class=\"pricing-price-wrap style-1\"><span class=\"price-prefix-text tpgb-trans-linear\">\u20ac<\/span><span class=\"pricing-price tpgb-trans-linear\">25<\/span><span class=\"price-postfix-text tpgb-trans-linear\">pro Benutzer \/ Monat<\/span><\/div><div class=\"pricing-overlay-color tpgb-trans-easeinout\"><\/div><\/div><div class=\"pricing-content-wrap listing-content tpgb-relative-block style-1\"><div class=\"tpgb-icon-list-items tpgb-trans-linear\"><div id=\"tooltip69e212ff11304\" class=\"tpgb-icon-list-item tpgb-trans-linear tp-repeater-item-jhpt\"   ><span class=\"tpgb-icon-list-icon tpgb-trans-linear\"><i class=\"fas fa-check-double\" aria-hidden=\"true\"><\/i><\/span><span class=\"tpgb-icon-list-text tpgb-trans-linear\">Alles von Advanced<\/span><\/div><div id=\"tooltip69e212ff11315\" class=\"tpgb-icon-list-item tpgb-trans-linear tp-repeater-item-5x46\"   ><span class=\"tpgb-icon-list-icon tpgb-trans-linear\"><i class=\"fas fa-check-double\" aria-hidden=\"true\"><\/i><\/span><span class=\"tpgb-icon-list-text tpgb-trans-linear\">Unbegrenzte Tags<\/span><\/div><div id=\"tooltip69e212ff1132d\" class=\"tpgb-icon-list-item tpgb-trans-linear tp-repeater-item-7e1x\"   ><span class=\"tpgb-icon-list-icon tpgb-trans-linear\"><i class=\"fas fa-check-double\" aria-hidden=\"true\"><\/i><\/span><span class=\"tpgb-icon-list-text tpgb-trans-linear\">Unbegrenzte Kontakte<\/span><\/div><div id=\"tooltip69e212ff11337\" class=\"tpgb-icon-list-item tpgb-trans-linear tp-repeater-item-u9bl\"   ><span class=\"tpgb-icon-list-icon tpgb-trans-linear\"><i class=\"fas fa-check-double\" aria-hidden=\"true\"><\/i><\/span><span class=\"tpgb-icon-list-text tpgb-trans-linear\">Unbegrenzte Unternehmen<\/span><\/div><div id=\"tooltip69e212ff11340\" class=\"tpgb-icon-list-item tpgb-trans-linear tp-repeater-item-pfo7\"   ><span class=\"tpgb-icon-list-icon tpgb-trans-linear\"><i class=\"fas fa-check-double\" aria-hidden=\"true\"><\/i><\/span><span class=\"tpgb-icon-list-text tpgb-trans-linear\">Unbegrenzte Notizen<\/span><\/div><div id=\"tooltip69e212ff11348\" class=\"tpgb-icon-list-item tpgb-trans-linear tp-repeater-item-8wrk\"   ><span class=\"tpgb-icon-list-icon tpgb-trans-linear\"><i class=\"fas fa-check-double\" aria-hidden=\"true\"><\/i><\/span><span class=\"tpgb-icon-list-text tpgb-trans-linear\">Unbegrenzte Aufgaben<\/span><\/div><div id=\"tooltip69e212ff11351\" class=\"tpgb-icon-list-item tpgb-trans-linear tp-repeater-item-bh2b\"   ><span class=\"tpgb-icon-list-icon tpgb-trans-linear\"><i class=\"fas fa-check-double\" aria-hidden=\"true\"><\/i><\/span><span class=\"tpgb-icon-list-text tpgb-trans-linear\">Mailings versenden<\/span><\/div><div id=\"tooltip69e212ff11359\" class=\"tpgb-icon-list-item tpgb-trans-linear tp-repeater-item-nf6z\"   ><span class=\"tpgb-icon-list-icon tpgb-trans-linear\"><i class=\"fas fa-check-double\" aria-hidden=\"true\"><\/i><\/span><span class=\"tpgb-icon-list-text tpgb-trans-linear\">Sicherheit mit 2FA<\/span><\/div><div id=\"tooltip69e212ff11361\" class=\"tpgb-icon-list-item tpgb-trans-linear tp-repeater-item-0\"   ><span class=\"tpgb-icon-list-icon tpgb-trans-linear\"><i class=\"fas fa-check-double\" aria-hidden=\"true\"><\/i><\/span><span class=\"tpgb-icon-list-text tpgb-trans-linear\">Dateien zu einer Notiz hinzuf\u00fcgen<\/span><\/div><div id=\"tooltip69e212ff11369\" class=\"tpgb-icon-list-item tpgb-trans-linear tp-repeater-item-zogd\"   ><span class=\"tpgb-icon-list-icon tpgb-trans-linear\"><i class=\"fas fa-check-double\" aria-hidden=\"true\"><\/i><\/span><span class=\"tpgb-icon-list-text tpgb-trans-linear\">Unbegrenzte Benutzer<\/span><\/div><\/div><div class=\"content-overlay-bg-color tpgb-trans-easeinout\"><\/div><\/div><\/div><\/div><\/div>\n\n\n\n<div class=\"wp-block-uagb-container uagb-block-5634aec6\"><div class=\"tpgb-pricing-table tpgb-relative-block tpgb-trans-linear pricing-style-3 hover_normal tpgb-block-5226_9585 \"><div class=\"pricing-table-inner tpgb-trans-linear\"><div class=\"pricing-top-part tpgb-trans-linear\"><div class=\"pricing-title-content tpgb-relative-block style-1\"><div class=\"pricing-title-wrap\"><div class=\"pricing-title tpgb-trans-linear\">Fortschrittlich<\/div><\/div><\/div><div class=\"pricing-price-wrap style-1\"><span class=\"price-prefix-text tpgb-trans-linear\">\u20ac<\/span><span class=\"pricing-price tpgb-trans-linear\">10<\/span><span class=\"price-postfix-text tpgb-trans-linear\">pro Benutzer \/ Monat<\/span><\/div><div class=\"pricing-table-button\"><div class=\"tpgb-adv-button button-style-8\"><a class=\"button-link-wrap\"  href=\"https:\/\/crm.qraia.com\/signup\"     >Jetzt starten<\/a><\/div><\/div><div class=\"pricing-overlay-color tpgb-trans-easeinout\"><\/div><\/div><div class=\"pricing-content-wrap listing-content tpgb-relative-block style-1\"><div class=\"tpgb-icon-list-items tpgb-trans-linear\"><div id=\"tooltip69e212ff1163c\" class=\"tpgb-icon-list-item tpgb-trans-linear tp-repeater-item-jhpt\"   ><span class=\"tpgb-icon-list-icon tpgb-trans-linear\"><i class=\"fas fa-check-double\" aria-hidden=\"true\"><\/i><\/span><span class=\"tpgb-icon-list-text tpgb-trans-linear\">Alles von kostenlos<\/span><\/div><div id=\"tooltip69e212ff11649\" class=\"tpgb-icon-list-item tpgb-trans-linear tp-repeater-item-5x46\"   ><span class=\"tpgb-icon-list-icon tpgb-trans-linear\"><i class=\"fas fa-check-double\" aria-hidden=\"true\"><\/i><\/span><span class=\"tpgb-icon-list-text tpgb-trans-linear\">Max. 10 Benutzer<\/span><\/div><div id=\"tooltip69e212ff11652\" class=\"tpgb-icon-list-item tpgb-trans-linear tp-repeater-item-u9bl\"   ><span class=\"tpgb-icon-list-icon tpgb-trans-linear\"><i class=\"fas fa-check-double\" aria-hidden=\"true\"><\/i><\/span><span class=\"tpgb-icon-list-text tpgb-trans-linear\">Unbegrenzte Kontakte<\/span><\/div><div id=\"tooltip69e212ff1165b\" class=\"tpgb-icon-list-item tpgb-trans-linear tp-repeater-item-bh2b\"   ><span class=\"tpgb-icon-list-icon tpgb-trans-linear\"><i class=\"fas fa-check-double\" aria-hidden=\"true\"><\/i><\/span><span class=\"tpgb-icon-list-text tpgb-trans-linear\">unbegrenzte Unternehmen<\/span><\/div><div id=\"tooltip69e212ff11664\" class=\"tpgb-icon-list-item tpgb-trans-linear tp-repeater-item-nf6z\"   ><span class=\"tpgb-icon-list-icon tpgb-trans-linear\"><i class=\"fas fa-check-double\" aria-hidden=\"true\"><\/i><\/span><span class=\"tpgb-icon-list-text tpgb-trans-linear\">unbegrenzte Notizen<\/span><\/div><div id=\"tooltip69e212ff1166c\" class=\"tpgb-icon-list-item tpgb-trans-linear tp-repeater-item-zogd\"   ><span class=\"tpgb-icon-list-icon tpgb-trans-linear\"><i class=\"fas fa-check-double\" aria-hidden=\"true\"><\/i><\/span><span class=\"tpgb-icon-list-text tpgb-trans-linear\">unbegrenzte Aufgaben<\/span><\/div><div id=\"tooltip69e212ff11675\" class=\"tpgb-icon-list-item tpgb-trans-linear tp-repeater-item-26zp\"   ><span class=\"tpgb-icon-list-icon tpgb-trans-linear\"><i class=\"fas fa-check-double\" aria-hidden=\"true\"><\/i><\/span><span class=\"tpgb-icon-list-text tpgb-trans-linear\">Unbegrenzte Anzahl an Tags<\/span><\/div><div id=\"tooltip69e212ff1167d\" class=\"tpgb-icon-list-item tpgb-trans-linear tp-repeater-item-ojwt\"   ><span class=\"tpgb-icon-list-icon tpgb-trans-linear\"><i class=\"fas fa-check-double\" aria-hidden=\"true\"><\/i><\/span><span class=\"tpgb-icon-list-text tpgb-trans-linear\">Mailings versenden<\/span><\/div><div id=\"tooltip69e212ff11685\" class=\"tpgb-icon-list-item tpgb-trans-linear tp-repeater-item-w69w\"   ><span class=\"tpgb-icon-list-icon tpgb-trans-linear\"><i class=\"fas fa-check-double\" aria-hidden=\"true\"><\/i><\/span><span class=\"tpgb-icon-list-text tpgb-trans-linear\">Sicherheit mit 2FA<\/span><\/div><div id=\"tooltip69e212ff1168d\" class=\"tpgb-icon-list-item tpgb-trans-linear tp-repeater-item-0\"   ><span class=\"tpgb-icon-list-icon tpgb-trans-linear\"><i class=\"fas fa-check-double\" aria-hidden=\"true\"><\/i><\/span><span class=\"tpgb-icon-list-text tpgb-trans-linear\">Dateien zu einer Notiz hinzuf\u00fcgen<\/span><\/div><\/div><div class=\"content-overlay-bg-color tpgb-trans-easeinout\"><\/div><\/div><\/div><\/div><\/div>\n\n\n\n<div class=\"wp-block-uagb-container uagb-block-12a8e3e4\"><div class=\"tpgb-pricing-table tpgb-relative-block tpgb-trans-linear pricing-style-3 hover_normal tpgb-block-7136_9585 \"><div class=\"pricing-table-inner tpgb-trans-linear\"><div class=\"pricing-top-part tpgb-trans-linear\"><div class=\"pricing-title-content tpgb-relative-block style-1\"><div class=\"pricing-title-wrap\"><div class=\"pricing-title tpgb-trans-linear\">Frei<\/div><\/div><\/div><div class=\"pricing-price-wrap style-1\"><span class=\"price-prefix-text tpgb-trans-linear\">\u20ac<\/span><span class=\"pricing-price tpgb-trans-linear\">0<\/span><span class=\"price-postfix-text tpgb-trans-linear\">pro Benutzer \/ Monat<\/span><\/div><div class=\"pricing-table-button\"><div class=\"tpgb-adv-button button-style-8\"><a class=\"button-link-wrap\"  href=\"https:\/\/crm.qraia.com\/signup\"     >Jetzt starten<\/a><\/div><\/div><div class=\"pricing-overlay-color tpgb-trans-easeinout\"><\/div><\/div><div class=\"pricing-content-wrap listing-content tpgb-relative-block style-1\"><div class=\"tpgb-icon-list-items tpgb-trans-linear\"><div id=\"tooltip69e212ff119ec\" class=\"tpgb-icon-list-item tpgb-trans-linear tp-repeater-item-5x46\"   ><span class=\"tpgb-icon-list-icon tpgb-trans-linear\"><i class=\"fas fa-check-double\" aria-hidden=\"true\"><\/i><\/span><span class=\"tpgb-icon-list-text tpgb-trans-linear\">Max. 1 Benutzer<\/span><\/div><div id=\"tooltip69e212ff11a02\" class=\"tpgb-icon-list-item tpgb-trans-linear tp-repeater-item-u9bl\"   ><span class=\"tpgb-icon-list-icon tpgb-trans-linear\"><i class=\"fas fa-check-double\" aria-hidden=\"true\"><\/i><\/span><span class=\"tpgb-icon-list-text tpgb-trans-linear\">50 Kontakte<\/span><\/div><div id=\"tooltip69e212ff11a29\" class=\"tpgb-icon-list-item tpgb-trans-linear tp-repeater-item-bh2b\"   ><span class=\"tpgb-icon-list-icon tpgb-trans-linear\"><i class=\"fas fa-check-double\" aria-hidden=\"true\"><\/i><\/span><span class=\"tpgb-icon-list-text tpgb-trans-linear\">50 Unternehmen<\/span><\/div><div id=\"tooltip69e212ff11a45\" class=\"tpgb-icon-list-item tpgb-trans-linear tp-repeater-item-nf6z\"   ><span class=\"tpgb-icon-list-icon tpgb-trans-linear\"><i class=\"fas fa-check-double\" aria-hidden=\"true\"><\/i><\/span><span class=\"tpgb-icon-list-text tpgb-trans-linear\">50 Notizen<\/span><\/div><div id=\"tooltip69e212ff11a4f\" class=\"tpgb-icon-list-item tpgb-trans-linear tp-repeater-item-63t8\"   ><span class=\"tpgb-icon-list-icon tpgb-trans-linear\"><i class=\"fas fa-check-double\" aria-hidden=\"true\"><\/i><\/span><span class=\"tpgb-icon-list-text tpgb-trans-linear\">50 Aufgaben<\/span><\/div><div id=\"tooltip69e212ff11a58\" class=\"tpgb-icon-list-item tpgb-trans-linear tp-repeater-item-vm44\"   ><span class=\"tpgb-icon-list-icon tpgb-trans-linear\"><i class=\"fas fa-check-double\" aria-hidden=\"true\"><\/i><\/span><span class=\"tpgb-icon-list-text tpgb-trans-linear\">intelligentes Dashboard<\/span><\/div><div id=\"tooltip69e212ff11a61\" class=\"tpgb-icon-list-item tpgb-trans-linear tp-repeater-item-dpqk\"   ><span class=\"tpgb-icon-list-icon tpgb-trans-linear\"><i class=\"fas fa-check-double\" aria-hidden=\"true\"><\/i><\/span><span class=\"tpgb-icon-list-text tpgb-trans-linear\">immer kostenlos<\/span><\/div><div id=\"tooltip69e212ff11a6b\" class=\"tpgb-icon-list-item tpgb-trans-linear tp-repeater-item-oock\"   ><span class=\"tpgb-icon-list-icon tpgb-trans-linear\"><i class=\"fas fa-check-double\" aria-hidden=\"true\"><\/i><\/span><span class=\"tpgb-icon-list-text tpgb-trans-linear\"><s>Mailings versenden<\/s><\/span><\/div><div id=\"tooltip69e212ff11a8c\" class=\"tpgb-icon-list-item tpgb-trans-linear tp-repeater-item-f57p\"   ><span class=\"tpgb-icon-list-icon tpgb-trans-linear\"><i class=\"fas fa-check-double\" aria-hidden=\"true\"><\/i><\/span><span class=\"tpgb-icon-list-text tpgb-trans-linear\"><s>Unbegrenzte Tags<\/s><\/span><\/div><div id=\"tooltip69e212ff11aa2\" class=\"tpgb-icon-list-item tpgb-trans-linear tp-repeater-item-nkrt\"   ><span class=\"tpgb-icon-list-icon tpgb-trans-linear\"><i class=\"fas fa-check-double\" aria-hidden=\"true\"><\/i><\/span><span class=\"tpgb-icon-list-text tpgb-trans-linear\"><s>2FA-Sicherheit<\/s><\/span><\/div><div id=\"tooltip69e212ff11ab6\" class=\"tpgb-icon-list-item tpgb-trans-linear tp-repeater-item-zogd\"   ><span class=\"tpgb-icon-list-icon tpgb-trans-linear\"><i class=\"fas fa-check-double\" aria-hidden=\"true\"><\/i><\/span><span class=\"tpgb-icon-list-text tpgb-trans-linear\"><s>Datei zu einer Notiz hinzuf\u00fcgen<\/s><\/span><\/div><\/div><div class=\"content-overlay-bg-color tpgb-trans-easeinout\"><\/div><\/div><\/div><\/div><\/div>\n<\/div>\n<\/div>\n<\/div>\n\n\n\n<div class=\"wp-block-uagb-container uagb-block-8tfon3vk default uagb-is-root-container\">\n<div class=\"wp-block-uagb-container uagb-block-h834ce6r\">\n<div class=\"wp-block-uagb-info-box uagb-block-2mg1ykli uagb-infobox__content-wrap  uagb-infobox-icon-above-title uagb-infobox-image-valign-top\"><div class=\"uagb-ifb-content\"><div class=\"uagb-ifb-title-wrap\"><h2 class=\"uagb-ifb-title\">Beginnen Sie jetzt und verlieren Sie nie wieder etwas.<br>Kontakte, Notizen und Aufgaben sind sicher.<\/h2><\/div><\/div><\/div>\n<\/div>\n\n\n\n<div class=\"wp-block-uagb-container uagb-block-4lacbyiy\">\n<div class=\"wp-block-uagb-buttons uagb-buttons__outer-wrap uagb-btn__default-btn uagb-btn-tablet__default-btn uagb-btn-mobile__default-btn uagb-block-i41sllup\"><div class=\"uagb-buttons__wrap uagb-buttons-layout-wrap \">\n<div class=\"wp-block-uagb-buttons-child uagb-buttons__outer-wrap uagb-block-ie2t7nnl wp-block-button\"><div class=\"uagb-button__wrapper\"><a class=\"uagb-buttons-repeater wp-block-button__link\" aria-label=\"\" href=\"https:\/\/crm.qraia.com\/signup\" rel=\"follow noopener\" target=\"_self\" role=\"button\"><div class=\"uagb-button__link\">Erste Schritte<\/div><\/a><\/div><\/div>\n<\/div><\/div>\n<\/div>\n<\/div>\n\n\n\n<div class=\"wp-block-uagb-container uagb-block-e61ba82f default uagb-is-root-container\">\n<div class=\"wp-block-uagb-container uagb-block-0c84cc9b\">\n<div class=\"wp-block-uagb-info-box uagb-block-eb7a993b uagb-infobox__content-wrap  uagb-infobox-icon-above-title uagb-infobox-image-valign-top\"><div class=\"uagb-ifb-content\"><div class=\"uagb-ifb-title-wrap\"><h1 class=\"uagb-ifb-title-prefix\">H\u00e4ufig gestellte Fragen<\/h1><h2 class=\"uagb-ifb-title\">Lassen Sie uns alle Ihre Fragen beantworten!<\/h2><\/div><\/div><\/div>\n<\/div>\n\n\n<div class=\"wp-block-uagb-faq uagb-faq__outer-wrap uagb-block-9175aa1f uagb-faq-icon-row-reverse uagb-faq-layout-accordion uagb-faq-expand-first-true uagb-faq-inactive-other-true uagb-faq__wrap uagb-buttons-layout-wrap uagb-faq-equal-height     \" data-faqtoggle=\"true\" role=\"tablist\"><div class=\"wp-block-uagb-faq-child uagb-faq-child__outer-wrap uagb-faq-item uagb-block-483c0141 \" role=\"tab\" tabindex=\"0\"><div class=\"uagb-faq-questions-button uagb-faq-questions\">\t\t\t<span class=\"uagb-icon uagb-faq-icon-wrap\">\n\t\t\t\t\t\t\t\t<svg xmlns=\"https:\/\/www.w3.org\/2000\/svg\" viewBox= \"0 0 448 512\"><path d=\"M432 256c0 17.69-14.33 32.01-32 32.01H256v144c0 17.69-14.33 31.99-32 31.99s-32-14.3-32-31.99v-144H48c-17.67 0-32-14.32-32-32.01s14.33-31.99 32-31.99H192v-144c0-17.69 14.33-32.01 32-32.01s32 14.32 32 32.01v144h144C417.7 224 432 238.3 432 256z\"><\/path><\/svg>\n\t\t\t\t\t\t\t<\/span>\n\t\t\t\t\t\t<span class=\"uagb-icon-active uagb-faq-icon-wrap\">\n\t\t\t\t\t\t\t\t<svg xmlns=\"https:\/\/www.w3.org\/2000\/svg\" viewBox= \"0 0 448 512\"><path d=\"M400 288h-352c-17.69 0-32-14.32-32-32.01s14.31-31.99 32-31.99h352c17.69 0 32 14.3 32 31.99S417.7 288 400 288z\"><\/path><\/svg>\n\t\t\t\t\t\t\t<\/span>\n\t\t\t<span class=\"uagb-question\">Ist frei wirklich frei?<\/span><\/div><div class=\"uagb-faq-content\"><p>Ja, das KOSTENLOSE Paket von Qraia ist kostenlos. Und es wird kostenlos bleiben. In Qraia k\u00f6nnen Sie 50 Kontakte und 50 Unternehmen speichern. Sie k\u00f6nnen auch 50 Aufgaben und Notizen erstellen. Probieren Sie es selbst aus!<br>Sie brauchen mehr? Schauen Sie sich an Qraia Erweitert. <\/p><\/div><\/div><div class=\"wp-block-uagb-faq-child uagb-faq-child__outer-wrap uagb-faq-item uagb-block-20f7c6f6 \" role=\"tab\" tabindex=\"0\"><div class=\"uagb-faq-questions-button uagb-faq-questions\">\t\t\t<span class=\"uagb-icon uagb-faq-icon-wrap\">\n\t\t\t\t\t\t\t\t<svg xmlns=\"https:\/\/www.w3.org\/2000\/svg\" viewBox= \"0 0 448 512\"><path d=\"M432 256c0 17.69-14.33 32.01-32 32.01H256v144c0 17.69-14.33 31.99-32 31.99s-32-14.3-32-31.99v-144H48c-17.67 0-32-14.32-32-32.01s14.33-31.99 32-31.99H192v-144c0-17.69 14.33-32.01 32-32.01s32 14.32 32 32.01v144h144C417.7 224 432 238.3 432 256z\"><\/path><\/svg>\n\t\t\t\t\t\t\t<\/span>\n\t\t\t\t\t\t<span class=\"uagb-icon-active uagb-faq-icon-wrap\">\n\t\t\t\t\t\t\t\t<svg xmlns=\"https:\/\/www.w3.org\/2000\/svg\" viewBox= \"0 0 448 512\"><path d=\"M400 288h-352c-17.69 0-32-14.32-32-32.01s14.31-31.99 32-31.99h352c17.69 0 32 14.3 32 31.99S417.7 288 400 288z\"><\/path><\/svg>\n\t\t\t\t\t\t\t<\/span>\n\t\t\t<span class=\"uagb-question\">Warum sollte ich zahlen?<\/span><\/div><div class=\"uagb-faq-content\"><p>Im Rahmen von Qraia ADVANCED erh\u00e4ltst du mehrere zus\u00e4tzliche Optionen, die dir mit dem kostenlosen Abonnement nicht zur Verf\u00fcgung stehen. Dazu geh\u00f6ren mehr Funktionen zur Zusammenarbeit, du kannst deine Daten mit Tags organisieren und eine unbegrenzte Menge an Daten speichern.<br>In der Preisliste oben kannst du genau sehen, was der Unterschied zwischen der kostenlosen und der kostenpflichtigen Version ist.<\/p><\/div><\/div><div class=\"wp-block-uagb-faq-child uagb-faq-child__outer-wrap uagb-faq-item uagb-block-8bd82979 \" role=\"tab\" tabindex=\"0\"><div class=\"uagb-faq-questions-button uagb-faq-questions\">\t\t\t<span class=\"uagb-icon uagb-faq-icon-wrap\">\n\t\t\t\t\t\t\t\t<svg xmlns=\"https:\/\/www.w3.org\/2000\/svg\" viewBox= \"0 0 448 512\"><path d=\"M432 256c0 17.69-14.33 32.01-32 32.01H256v144c0 17.69-14.33 31.99-32 31.99s-32-14.3-32-31.99v-144H48c-17.67 0-32-14.32-32-32.01s14.33-31.99 32-31.99H192v-144c0-17.69 14.33-32.01 32-32.01s32 14.32 32 32.01v144h144C417.7 224 432 238.3 432 256z\"><\/path><\/svg>\n\t\t\t\t\t\t\t<\/span>\n\t\t\t\t\t\t<span class=\"uagb-icon-active uagb-faq-icon-wrap\">\n\t\t\t\t\t\t\t\t<svg xmlns=\"https:\/\/www.w3.org\/2000\/svg\" viewBox= \"0 0 448 512\"><path d=\"M400 288h-352c-17.69 0-32-14.32-32-32.01s14.31-31.99 32-31.99h352c17.69 0 32 14.3 32 31.99S417.7 288 400 288z\"><\/path><\/svg>\n\t\t\t\t\t\t\t<\/span>\n\t\t\t<span class=\"uagb-question\">Wie lange l\u00e4uft ein Abonnement?<\/span><\/div><div class=\"uagb-faq-content\"><p>Du kannst jeden Monat k\u00fcndigen. Mach dir also keine Sorgen, dass du eine langfristige Bindung eingehen musst. Das m\u00f6gen wir bei der Softwaresuche auch nicht.<\/p><\/div><\/div><div class=\"wp-block-uagb-faq-child uagb-faq-child__outer-wrap uagb-faq-item uagb-block-2833fb88 \" role=\"tab\" tabindex=\"0\"><div class=\"uagb-faq-questions-button uagb-faq-questions\">\t\t\t<span class=\"uagb-icon uagb-faq-icon-wrap\">\n\t\t\t\t\t\t\t\t<svg xmlns=\"https:\/\/www.w3.org\/2000\/svg\" viewBox= \"0 0 448 512\"><path d=\"M432 256c0 17.69-14.33 32.01-32 32.01H256v144c0 17.69-14.33 31.99-32 31.99s-32-14.3-32-31.99v-144H48c-17.67 0-32-14.32-32-32.01s14.33-31.99 32-31.99H192v-144c0-17.69 14.33-32.01 32-32.01s32 14.32 32 32.01v144h144C417.7 224 432 238.3 432 256z\"><\/path><\/svg>\n\t\t\t\t\t\t\t<\/span>\n\t\t\t\t\t\t<span class=\"uagb-icon-active uagb-faq-icon-wrap\">\n\t\t\t\t\t\t\t\t<svg xmlns=\"https:\/\/www.w3.org\/2000\/svg\" viewBox= \"0 0 448 512\"><path d=\"M400 288h-352c-17.69 0-32-14.32-32-32.01s14.31-31.99 32-31.99h352c17.69 0 32 14.3 32 31.99S417.7 288 400 288z\"><\/path><\/svg>\n\t\t\t\t\t\t\t<\/span>\n\t\t\t<span class=\"uagb-question\">Wie kann ich bezahlen?<\/span><\/div><div class=\"uagb-faq-content\"><p>Sie k\u00f6nnen mit allen g\u00e4ngigen Zahlungsmethoden bezahlen. Wir verwenden Mollie als unseren Zahlungsdienstleister. Sie wickeln alle Zahlungen und Verl\u00e4ngerungen ab, sodass Sie nicht jeden Monat selbst zahlen m\u00fcssen. So einfach. Nat\u00fcrlich k\u00f6nnen Sie auch ganz einfach k\u00fcndigen.<br><\/p><\/div><\/div><\/div><\/div>\n","protected":false},"excerpt":{"rendered":"","protected":false},"author":2,"featured_media":0,"parent":0,"menu_order":0,"comment_status":"closed","ping_status":"closed","template":"","meta":{"tpgb_global_settings":"","_uag_custom_page_level_css":"","advanced_seo_description":"","jetpack_seo_html_title":"","jetpack_seo_noindex":false,"footnotes":""},"class_list":["post-9585","page","type-page","status-publish","hentry"],"tpgb_featured_images":null,"tpgb_post_meta_info":{"get_date":"26 Februar 2024","get_modified_date":"4 Dezember 2024","author_name":"Qraia CRM","author_url":"https:\/\/qraia.com\/de\/author\/aqadminuse1\/","author_email":"crm@qraia.com","author_website":"https:\/\/qraia.com","author_description":"fMVix5L(nyB%D6UrRi7RKtsj aQadminUse1","author_facebook":"","author_twitter":"","author_instagram":"","author_role":["administrator"],"author_firstname":"Qraia","author_lastname":"CRM","user_login":"aQadminUse1","author_avatar":"<img alt='' src='https:\/\/secure.gravatar.com\/avatar\/b10245e741920edd52365ebfa9f18c05eacb89dd86ed7878a58dea199f52aab4?s=200&#038;d=mm&#038;r=g' srcset='https:\/\/secure.gravatar.com\/avatar\/b10245e741920edd52365ebfa9f18c05eacb89dd86ed7878a58dea199f52aab4?s=400&#038;d=mm&#038;r=g 2x' class='avatar avatar-200 photo' height='200' width='200' loading='lazy' decoding='async'\/>","author_avatar_url":"https:\/\/secure.gravatar.com\/avatar\/b10245e741920edd52365ebfa9f18c05eacb89dd86ed7878a58dea199f52aab4?s=96&d=mm&r=g","comment_count":0,"post_likes":0,"post_views":0},"tpgb_post_category":[],"uagb_featured_image_src":{"full":false,"thumbnail":false,"medium":false,"medium_large":false,"large":false,"1536x1536":false,"2048x2048":false,"tp-image-grid":false},"uagb_author_info":{"display_name":"Qraia CRM","author_link":"https:\/\/qraia.com\/de\/author\/aqadminuse1\/"},"uagb_comment_info":0,"uagb_excerpt":null,"jetpack_shortlink":"https:\/\/wp.me\/PcWCNB-2uB","jetpack_sharing_enabled":true,"jetpack-related-posts":[],"_links":{"self":[{"href":"https:\/\/qraia.com\/de\/wp-json\/wp\/v2\/pages\/9585","targetHints":{"allow":["GET"]}}],"collection":[{"href":"https:\/\/qraia.com\/de\/wp-json\/wp\/v2\/pages"}],"about":[{"href":"https:\/\/qraia.com\/de\/wp-json\/wp\/v2\/types\/page"}],"author":[{"embeddable":true,"href":"https:\/\/qraia.com\/de\/wp-json\/wp\/v2\/users\/2"}],"replies":[{"embeddable":true,"href":"https:\/\/qraia.com\/de\/wp-json\/wp\/v2\/comments?post=9585"}],"version-history":[{"count":7,"href":"https:\/\/qraia.com\/de\/wp-json\/wp\/v2\/pages\/9585\/revisions"}],"predecessor-version":[{"id":9977,"href":"https:\/\/qraia.com\/de\/wp-json\/wp\/v2\/pages\/9585\/revisions\/9977"}],"wp:attachment":[{"href":"https:\/\/qraia.com\/de\/wp-json\/wp\/v2\/media?parent=9585"}],"curies":[{"name":"wp","href":"https:\/\/api.w.org\/{rel}","templated":true}]}}