{"id":9543,"date":"2024-04-16T11:48:54","date_gmt":"2024-04-16T11:48:54","guid":{"rendered":"https:\/\/qraia.com\/freiberufliche-crm\/"},"modified":"2024-10-16T16:19:09","modified_gmt":"2024-10-16T16:19:09","slug":"freiberufliche-crm","status":"publish","type":"page","link":"https:\/\/qraia.com\/de\/freiberufliche-crm\/","title":{"rendered":"Freiberufliche crm"},"content":{"rendered":"\n<p><\/p>\n\n\n\n<p><\/p>\n\n\n\n<div class=\"wp-block-uagb-container uagb-block-z5xibxam default uagb-is-root-container\">\n<div class=\"wp-block-uagb-container uagb-block-ndkfwihg\">\n<div class=\"wp-block-tpgb-tp-image tpgb-image tpgb-block-6f35_784\"><figure class=\"tpgb-figure\"><img data-recalc-dims=\"1\" decoding=\"async\" src=\"https:\/\/i0.wp.com\/qraia.com\/wp-content\/uploads\/2024\/03\/office-concept-website-landing-page_23-2147780855.jpg?w=1200&#038;ssl=1\" class=\"tpgb-img-inner\"><\/figure><\/div>\n<\/div>\n\n\n\n<div class=\"wp-block-uagb-container uagb-block-nomg77xl\">\n<div class=\"wp-block-uagb-info-box uagb-block-deohuwgs uagb-infobox__content-wrap  uagb-infobox-icon-above-title uagb-infobox-image-valign-top\"><div class=\"uagb-ifb-content\"><div class=\"uagb-ifb-title-wrap\"><h3 class=\"uagb-ifb-title\">Was k\u00f6nnen Sie als Freiberufler mit Qraia CRM tun?<\/h3><\/div><p class=\"uagb-ifb-desc\">A <strong><a href=\"https:\/\/qraia.com\/de\/\">einfaches CRM-System<\/a><\/strong> speziell f\u00fcr Freiberufler. <br\/>Ein System, das einfach ist. <br\/>Mit dem Sie als Freiberufler sofort loslegen k\u00f6nnen, ohne umfangreiche Tutorials durchlaufen zu m\u00fcssen.<br\/>Einfaches Erstellen, Suchen und Bearbeiten von <strong><a href=\"https:\/\/qraia.com\/de\/kontakte\/\">Kontakte .<\/a> <\/strong><br\/>Einfaches Speichern von <strong><a href=\"https:\/\/qraia.com\/de\/anmerkungen\/\">Notizen<\/a><\/strong> und Konversationsberichte.<br\/>Alles, was Sie brauchen, um als Freiberufler erfolgreich zu sein.<br\/>Qraia steht f\u00fcr einfach, damit Sie sich auf das konzentrieren k\u00f6nnen, was Sie gut k\u00f6nnen.<br\/><\/p><\/div><\/div>\n<\/div>\n<\/div>\n\n\n\n<div class=\"wp-block-uagb-container uagb-block-xdthjrc3 default uagb-is-root-container\">\n<div class=\"wp-block-uagb-info-box uagb-block-fcd20e7a uagb-infobox__content-wrap  uagb-infobox-icon-above-title uagb-infobox-image-valign-top\"><div class=\"uagb-ifb-content\"><div class=\"uagb-ifb-title-wrap\"><h1 class=\"uagb-ifb-title-prefix\">So versenden Sie einen Newsletter<\/h1><h5 class=\"uagb-ifb-title\">W\u00e4hlen Sie mit Tags die Kontakte aus, die Sie in Ihrem Mailing haben m\u00f6chten. Diese werden in Ihre Mailingliste exportiert. Von dort aus k\u00f6nnen Sie ihnen einen einfachen oder einen ausf\u00fchrlichen Newsletter senden, ganz wie Sie m\u00f6chten.   <\/h5><\/div><\/div><\/div>\n\n\n\n<div class=\"wp-block-uagb-container cards-three functions_boxes uagb-block-ws2bvbmo\">\n<div class=\"wp-block-uagb-container uagb-block-zafj2abk\">\n<div class=\"wp-block-uagb-container inner-cont uagb-block-sd6rghrt\">\n<div class=\"wp-block-uagb-info-box uagb-block-48721bfb uagb-infobox__content-wrap  uagb-infobox-icon-above-title uagb-infobox-image-valign-top\"><div class=\"uagb-ifb-content\"><div class=\"uagb-ifb-icon-wrap\"><svg xmlns=\"https:\/\/www.w3.org\/2000\/svg\" viewbox=\"0 0 448 512\"><path d=\"M438.6 105.4C451.1 117.9 451.1 138.1 438.6 150.6L182.6 406.6C170.1 419.1 149.9 419.1 137.4 406.6L9.372 278.6C-3.124 266.1-3.124 245.9 9.372 233.4C21.87 220.9 42.13 220.9 54.63 233.4L159.1 338.7L393.4 105.4C405.9 92.88 426.1 92.88 438.6 105.4H438.6z\"><\/path><\/svg><\/div><div class=\"uagb-ifb-title-wrap\"><h3 class=\"uagb-ifb-title\"><a href=\"https:\/\/qraia.com\/de\/mailings\/#select\" data-type=\"internal\" data-id=\"#contacts\">Select<\/a><\/h3><\/div><p class=\"uagb-ifb-desc\"><a href=\"https:\/\/qraia.com\/de\/mailings\/#select\" data-type=\"internal\" data-id=\"#contacts\">W\u00e4hlen Sie die Tags f\u00fcr Ihren Newsletter aus. <\/a><br\/><br\/>Sie k\u00f6nnen zwei oder mehr Tags kombinieren. <\/p><\/div><\/div>\n<\/div>\n<\/div>\n\n\n\n<div class=\"wp-block-uagb-container uagb-block-oeuuwzaz\">\n<div class=\"wp-block-uagb-container inner-cont uagb-block-t6fhy48s\">\n<div class=\"wp-block-uagb-info-box uagb-block-e96d515d uagb-infobox__content-wrap  uagb-infobox-icon-above-title uagb-infobox-image-valign-top\"><div class=\"uagb-ifb-content\"><div class=\"uagb-ifb-icon-wrap\"><svg xmlns=\"https:\/\/www.w3.org\/2000\/svg\" viewbox=\"0 0 448 512\"><path d=\"M400 32h-352C21.49 32 0 53.49 0 80v352C0 458.5 21.49 480 48 480h245.5c16.97 0 33.25-6.744 45.26-18.75l90.51-90.51C441.3 358.7 448 342.5 448 325.5V80C448 53.49 426.5 32 400 32zM64 96h320l-.001 224H320c-17.67 0-32 14.33-32 32v64H64V96z\"><\/path><\/svg><\/div><div class=\"uagb-ifb-title-wrap\"><h3 class=\"uagb-ifb-title\"><a href=\"https:\/\/qraia.com\/de\/mailings\/#write\" data-type=\"internal\" data-id=\"#notes\">Export<\/a><\/h3><\/div><p class=\"uagb-ifb-desc\"><a href=\"https:\/\/qraia.com\/de\/mailings\/#write\" data-type=\"internal\" data-id=\"#notes\">Sobald Sie ein oder mehrere Tags ausgew\u00e4hlt haben, klicken Sie auf \u201eNach Brevo exportieren\u201c. <\/a><br\/><br\/>Es wird eine neue Liste mit den Tag-Namen + Datum erstellt. <\/p><\/div><\/div>\n<\/div>\n<\/div>\n\n\n\n<div class=\"wp-block-uagb-container uagb-block-b9sjglg5\">\n<div class=\"wp-block-uagb-container inner-cont uagb-block-rqcigycj\">\n<div class=\"wp-block-uagb-info-box uagb-block-6818d666 uagb-infobox__content-wrap  uagb-infobox-icon-above-title uagb-infobox-image-valign-top\"><div class=\"uagb-ifb-content\"><div class=\"uagb-ifb-icon-wrap\"><svg xmlns=\"https:\/\/www.w3.org\/2000\/svg\" viewbox=\"0 0 512 512\"><path d=\"M503.7 226.2l-176 151.1c-15.38 13.3-39.69 2.545-39.69-18.16V272.1C132.9 274.3 66.06 312.8 111.4 457.8c5.031 16.09-14.41 28.56-28.06 18.62C39.59 444.6 0 383.8 0 322.3c0-152.2 127.4-184.4 288-186.3V56.02c0-20.67 24.28-31.46 39.69-18.16l176 151.1C514.8 199.4 514.8 216.6 503.7 226.2z\"><\/path><\/svg><\/div><div class=\"uagb-ifb-title-wrap\"><h3 class=\"uagb-ifb-title\"><a href=\"https:\/\/qraia.com\/de\/mailings\/#send\">Schicken<\/a><\/h3><\/div><p class=\"uagb-ifb-desc\"><a href=\"https:\/\/qraia.com\/de\/mailings\/#send\" data-type=\"internal\" data-id=\"#tasks\">Create your newsletter in Brevo. Verwenden Sie einfach zu verwendende Vorlagen f\u00fcr einen schnellen Newsletter. <\/a><\/p><\/div><\/div>\n<\/div>\n<\/div>\n<\/div>\n\n\n\n<div class=\"wp-block-uagb-container uagb-block-f19e9491\">\n<div class=\"wp-block-uagb-info-box uagb-block-rd0eo43j uagb-infobox__content-wrap  uagb-infobox-icon-left-title uagb-infobox-left uagb-infobox-image-valign-top wp-block-uagb-info-box--has-margin left-icons\" id=\"select\"><div class=\"uagb-infobox-margin-wrapper\"><div class=\"uagb-ifb-content\"><div class=\"uagb-ifb-left-title-image\"><div class=\"uagb-ifb-icon-wrap\"><svg xmlns=\"https:\/\/www.w3.org\/2000\/svg\" viewbox=\"0 0 448 512\"><path d=\"M438.6 105.4C451.1 117.9 451.1 138.1 438.6 150.6L182.6 406.6C170.1 419.1 149.9 419.1 137.4 406.6L9.372 278.6C-3.124 266.1-3.124 245.9 9.372 233.4C21.87 220.9 42.13 220.9 54.63 233.4L159.1 338.7L393.4 105.4C405.9 92.88 426.1 92.88 438.6 105.4H438.6z\"><\/path><\/svg><\/div><div class=\"uagb-ifb-title-wrap\"><h2 class=\"uagb-ifb-title\">W\u00e4hlen<\/h2><\/div><\/div><p class=\"uagb-ifb-desc\">W\u00e4hlen Sie zun\u00e4chst die <strong>Tags<\/strong> aus, die Sie exportieren m\u00f6chten. Tags werden in Qraia CRM verwendet, um Ihre Daten zu organisieren. Geben Sie beispielsweise allen Teilnehmern Ihrer Veranstaltung im Sommer 2024 die Tags \u201eVeranstaltung\u201c und \u201eSommer 2024\u201c. Auf diese Weise k\u00f6nnen Sie diese Gruppe ganz einfach f\u00fcr eine Folge-E-Mail ausw\u00e4hlen. Oder Sie k\u00f6nnen alle ausw\u00e4hlen, die jemals an Ihren Veranstaltungen teilgenommen haben. Oder, nun ja, der Fantasie sind keine Grenzen gesetzt.      <br\/><\/p><\/div><\/div><\/div>\n\n\n\n<hr class=\"wp-block-separator has-text-color has-alpha-channel-opacity has-background\" style=\"background-color:#e3e3e3;color:#e3e3e3\"\/>\n\n\n\n<div class=\"wp-block-uagb-info-box uagb-block-ae55f79a uagb-infobox__content-wrap  uagb-infobox-icon-left-title uagb-infobox-left uagb-infobox-image-valign-top left-icons\" id=\"write\"><div class=\"uagb-ifb-content\"><div class=\"uagb-ifb-left-title-image\"><div class=\"uagb-ifb-icon-wrap\"><svg xmlns=\"https:\/\/www.w3.org\/2000\/svg\" viewbox=\"0 0 448 512\"><path d=\"M400 32h-352C21.49 32 0 53.49 0 80v352C0 458.5 21.49 480 48 480h245.5c16.97 0 33.25-6.744 45.26-18.75l90.51-90.51C441.3 358.7 448 342.5 448 325.5V80C448 53.49 426.5 32 400 32zM64 96h320l-.001 224H320c-17.67 0-32 14.33-32 32v64H64V96z\"><\/path><\/svg><\/div><div class=\"uagb-ifb-title-wrap\"><h2 class=\"uagb-ifb-title\">Schreiben<\/h2><\/div><\/div><p class=\"uagb-ifb-desc\">It has survived not only five centuries, but also the leap into electronic typesetting, remaining essentially unchanged. It was popularised in the 1960s with the release of Letraset sheets containing Lorem Ipsum passages, and more recently with desktop publishing software. <\/p><\/div><\/div>\n\n\n\n<hr class=\"wp-block-separator has-text-color has-alpha-channel-opacity has-background\" style=\"background-color:#e3e3e3;color:#e3e3e3\"\/>\n\n\n\n<div class=\"wp-block-uagb-info-box uagb-block-f3945cec uagb-infobox__content-wrap  uagb-infobox-icon-left-title uagb-infobox-left uagb-infobox-image-valign-top left-icons\" id=\"send\"><div class=\"uagb-ifb-content\"><div class=\"uagb-ifb-left-title-image\"><div class=\"uagb-ifb-icon-wrap\"><svg xmlns=\"https:\/\/www.w3.org\/2000\/svg\" viewbox=\"0 0 512 512\"><path d=\"M503.7 226.2l-176 151.1c-15.38 13.3-39.69 2.545-39.69-18.16V272.1C132.9 274.3 66.06 312.8 111.4 457.8c5.031 16.09-14.41 28.56-28.06 18.62C39.59 444.6 0 383.8 0 322.3c0-152.2 127.4-184.4 288-186.3V56.02c0-20.67 24.28-31.46 39.69-18.16l176 151.1C514.8 199.4 514.8 216.6 503.7 226.2z\"><\/path><\/svg><\/div><div class=\"uagb-ifb-title-wrap\"><h2 class=\"uagb-ifb-title\">Schicken<\/h2><\/div><\/div><p class=\"uagb-ifb-desc\">It is a long established fact that a reader will be distracted by the readable content of a page when looking at its layout. The point of using Lorem Ipsum is that it has a more-or-less normal distribution of letters, as opposed to using &#8218;Content here, content here&#8216;, making it look like readable English. <\/p><\/div><\/div>\n<\/div>\n<\/div>\n\n\n\n<div class=\"wp-block-uagb-container uagb-block-8tfon3vk default uagb-is-root-container\">\n<div class=\"wp-block-uagb-container uagb-block-h834ce6r\">\n<div class=\"wp-block-uagb-info-box uagb-block-2mg1ykli uagb-infobox__content-wrap  uagb-infobox-icon-above-title uagb-infobox-image-valign-top\"><div class=\"uagb-ifb-content\"><div class=\"uagb-ifb-title-wrap\"><h2 class=\"uagb-ifb-title\">Beginnen Sie jetzt und bauen Sie bessere Beziehungen auf.<br\/><br\/><em>Stellen Sie Ihren ersten Kontakt in 30 Sekunden kostenlos her. <\/em><\/h2><\/div><\/div><\/div>\n<\/div>\n\n\n\n<div class=\"wp-block-uagb-container uagb-block-4lacbyiy\">\n<div class=\"wp-block-uagb-buttons uagb-buttons__outer-wrap uagb-btn__default-btn uagb-btn-tablet__default-btn uagb-btn-mobile__default-btn uagb-block-i41sllup\"><div class=\"uagb-buttons__wrap uagb-buttons-layout-wrap \">\n<div class=\"wp-block-uagb-buttons-child uagb-buttons__outer-wrap uagb-block-ie2t7nnl wp-block-button\"><div class=\"uagb-button__wrapper\"><a class=\"uagb-buttons-repeater wp-block-button__link\" aria-label=\"\" href=\"https:\/\/crm.qraia.com\/signup\" rel=\"follow noopener\" target=\"_self\" role=\"button\"><div class=\"uagb-button__link\">Ersten Kontakt herstellen<\/div><\/a><\/div><\/div>\n<\/div><\/div>\n<\/div>\n<\/div>\n","protected":false},"excerpt":{"rendered":"","protected":false},"author":2,"featured_media":0,"parent":0,"menu_order":0,"comment_status":"closed","ping_status":"closed","template":"","meta":{"tpgb_global_settings":"","_uag_custom_page_level_css":"","advanced_seo_description":"","jetpack_seo_html_title":"","jetpack_seo_noindex":false,"footnotes":""},"class_list":["post-9543","page","type-page","status-publish","hentry"],"tpgb_featured_images":null,"tpgb_post_meta_info":{"get_date":"16 April 2024","get_modified_date":"16 Oktober 2024","author_name":"Qraia CRM","author_url":"https:\/\/qraia.com\/de\/author\/aqadminuse1\/","author_email":"crm@qraia.com","author_website":"https:\/\/qraia.com","author_description":"fMVix5L(nyB%D6UrRi7RKtsj aQadminUse1","author_facebook":"","author_twitter":"","author_instagram":"","author_role":["administrator"],"author_firstname":"Qraia","author_lastname":"CRM","user_login":"aQadminUse1","author_avatar":"<img alt='' src='https:\/\/secure.gravatar.com\/avatar\/b10245e741920edd52365ebfa9f18c05eacb89dd86ed7878a58dea199f52aab4?s=200&#038;d=mm&#038;r=g' srcset='https:\/\/secure.gravatar.com\/avatar\/b10245e741920edd52365ebfa9f18c05eacb89dd86ed7878a58dea199f52aab4?s=400&#038;d=mm&#038;r=g 2x' class='avatar avatar-200 photo' height='200' width='200' loading='lazy' decoding='async'\/>","author_avatar_url":"https:\/\/secure.gravatar.com\/avatar\/b10245e741920edd52365ebfa9f18c05eacb89dd86ed7878a58dea199f52aab4?s=96&d=mm&r=g","comment_count":0,"post_likes":0,"post_views":0},"tpgb_post_category":[],"uagb_featured_image_src":{"full":false,"thumbnail":false,"medium":false,"medium_large":false,"large":false,"1536x1536":false,"2048x2048":false,"tp-image-grid":false},"uagb_author_info":{"display_name":"Qraia CRM","author_link":"https:\/\/qraia.com\/de\/author\/aqadminuse1\/"},"uagb_comment_info":0,"uagb_excerpt":null,"jetpack_shortlink":"https:\/\/wp.me\/PcWCNB-2tV","jetpack_sharing_enabled":true,"jetpack-related-posts":[],"_links":{"self":[{"href":"https:\/\/qraia.com\/de\/wp-json\/wp\/v2\/pages\/9543","targetHints":{"allow":["GET"]}}],"collection":[{"href":"https:\/\/qraia.com\/de\/wp-json\/wp\/v2\/pages"}],"about":[{"href":"https:\/\/qraia.com\/de\/wp-json\/wp\/v2\/types\/page"}],"author":[{"embeddable":true,"href":"https:\/\/qraia.com\/de\/wp-json\/wp\/v2\/users\/2"}],"replies":[{"embeddable":true,"href":"https:\/\/qraia.com\/de\/wp-json\/wp\/v2\/comments?post=9543"}],"version-history":[{"count":1,"href":"https:\/\/qraia.com\/de\/wp-json\/wp\/v2\/pages\/9543\/revisions"}],"predecessor-version":[{"id":9544,"href":"https:\/\/qraia.com\/de\/wp-json\/wp\/v2\/pages\/9543\/revisions\/9544"}],"wp:attachment":[{"href":"https:\/\/qraia.com\/de\/wp-json\/wp\/v2\/media?parent=9543"}],"curies":[{"name":"wp","href":"https:\/\/api.w.org\/{rel}","templated":true}]}}