{"id":9539,"date":"2024-03-15T11:17:00","date_gmt":"2024-03-15T11:17:00","guid":{"rendered":"https:\/\/qraia.com\/fundamente\/"},"modified":"2024-10-21T16:27:59","modified_gmt":"2024-10-21T16:27:59","slug":"fundamente","status":"publish","type":"page","link":"https:\/\/qraia.com\/de\/fundamente\/","title":{"rendered":"Fundamente"},"content":{"rendered":"\n<div class=\"wp-block-uagb-container uagb-block-z5xibxam default uagb-is-root-container\">\n<div class=\"wp-block-uagb-container uagb-block-ndkfwihg\">\n<div class=\"wp-block-tpgb-tp-image tpgb-image tpgb-block-6f35_9539\"><figure class=\"tpgb-figure\"><img data-recalc-dims=\"1\" decoding=\"async\" src=\"https:\/\/i0.wp.com\/qraia.com\/wp-content\/uploads\/2024\/03\/Qraia-CRM.webp?w=1200&#038;ssl=1\" class=\"tpgb-img-inner\"\/><\/figure><\/div>\n<\/div>\n\n\n\n<div class=\"wp-block-uagb-container uagb-block-nomg77xl\">\n<div class=\"wp-block-uagb-info-box uagb-block-deohuwgs uagb-infobox__content-wrap  uagb-infobox-icon-above-title uagb-infobox-image-valign-top\"><div class=\"uagb-ifb-content\"><div class=\"uagb-ifb-title-wrap\"><h3 class=\"uagb-ifb-title\">CRM f\u00fcr Stiftungen<\/h3><\/div><p class=\"uagb-ifb-desc\">Ein einfaches CRM f\u00fcr kleine Stiftungen, die nur den \u00dcberblick \u00fcber ihre Kontakte behalten m\u00f6chten.<br>Sie k\u00f6nnen Ihre E-Mail-Adresse ganz einfach verkn\u00fcpfen.  <br>Damit eingehende E-Mails automatisch mit Ihren Kontakten im Qraia CRM verkn\u00fcpft werden.  <br>Gibt es den Kontakt noch nicht?  <br>Sie erstellen dann mit 1 Klick einen neuen Kontakt, mit dem die E-Mail(s) dieses Kontakts automatisch verkn\u00fcpft werden.<br>Sie k\u00f6nnen dem CRM Kontakte manuell hinzuf\u00fcgen oder eine E-Mail in einen Kontakt umwandeln.<br>Machen Sie sich Notizen, damit Sie sp\u00e4ter leicht wiederfinden k\u00f6nnen, was vereinbart wurde.  <br>Diese sind mit dem Kontakt verkn\u00fcpft, so dass Sie sie immer ganz einfach mit Ihrem Kontakt verwenden k\u00f6nnen.<br><\/p><\/div><\/div>\n\n\n\n<div class=\"wp-block-uagb-buttons uagb-buttons__outer-wrap uagb-btn__default-btn uagb-btn-tablet__default-btn uagb-btn-mobile__default-btn uagb-block-xqqqtzuv\"><div class=\"uagb-buttons__wrap uagb-buttons-layout-wrap \">\n<div class=\"wp-block-uagb-buttons-child uagb-buttons__outer-wrap uagb-block-o2mnep7x wp-block-button\"><div class=\"uagb-button__wrapper\"><a class=\"uagb-buttons-repeater wp-block-button__link\" aria-label=\"\" href=\"#\" rel=\"follow noopener\" target=\"_self\" role=\"button\"><div class=\"uagb-button__link\">KOSTENLOSES KONTO ERSTELLEN<\/div><span class=\"uagb-button__icon uagb-button__icon-position-after\"><svg xmlns=\"https:\/\/www.w3.org\/2000\/svg\" viewBox=\"0 0 448 512\" aria-hidden=\"true\" focussable=\"false\"><path d=\"M438.6 278.6l-160 160C272.4 444.9 264.2 448 256 448s-16.38-3.125-22.62-9.375c-12.5-12.5-12.5-32.75 0-45.25L338.8 288H32C14.33 288 .0016 273.7 .0016 256S14.33 224 32 224h306.8l-105.4-105.4c-12.5-12.5-12.5-32.75 0-45.25s32.75-12.5 45.25 0l160 160C451.1 245.9 451.1 266.1 438.6 278.6z\"><\/path><\/svg><\/span><\/a><\/div><\/div>\n<\/div><\/div>\n<\/div>\n<\/div>\n\n\n\n<div class=\"wp-block-uagb-container uagb-block-397c11cf default uagb-is-root-container\">\n<div class=\"wp-block-uagb-container uagb-block-3c3db57d\">\n<div class=\"wp-block-uagb-info-box uagb-block-ef52255a uagb-infobox__content-wrap  uagb-infobox-icon-above-title uagb-infobox-image-valign-top wp-block-uagb-info-box--has-margin\"><div class=\"uagb-infobox-margin-wrapper\"><div class=\"uagb-ifb-content\"><div class=\"uagb-ifb-title-wrap\"><h3 class=\"uagb-ifb-title\">Wozu kann eine Stiftung ein CRM verwenden?<\/h3><\/div><p class=\"uagb-ifb-desc\">Eine Stiftung kann ein CRM-System (Customer Relationship Management) verwenden, um die Beziehungen zu ihren Spendern, Mitgliedern, Freiwilligen, Partnern und anderen wichtigen Kontakten zu verwalten und zu verbessern. CRM-Systeme helfen dabei, Informationen \u00fcber diese Kontakte zu sammeln, zu speichern, zu analysieren und weiterzugeben und bieten oft Tools zur Automatisierung von Aufgaben wie Marketingkampagnen, Kommunikation und Spendenbearbeitung. So kann eine Stiftung effizienter arbeiten und ihre Ziele besser erreichen.  <br><\/p><\/div><\/div><\/div>\n<\/div>\n\n\n\n<div class=\"wp-block-uagb-container uagb-block-c3d37fce\">\n<div class=\"wp-block-tpgb-tp-image tpgb-image tpgb-block-279d_9539\"><figure class=\"tpgb-figure\"><img data-recalc-dims=\"1\" decoding=\"async\" src=\"https:\/\/i0.wp.com\/qraia.com\/wp-content\/uploads\/2024\/03\/qaira-crm.jpg?w=1200&#038;ssl=1\" class=\"tpgb-img-inner\"\/><\/figure><\/div>\n<\/div>\n<\/div>\n\n\n\n<div class=\"wp-block-uagb-container uagb-block-74ac09f1 default uagb-is-root-container\">\n<div class=\"wp-block-uagb-container uagb-block-3df68ac7\">\n<div class=\"wp-block-uagb-info-box uagb-block-3f591162 uagb-infobox__content-wrap  uagb-infobox-icon-above-title uagb-infobox-image-valign-top\"><div class=\"uagb-ifb-content\"><div class=\"uagb-ifb-title-wrap\"><h3 class=\"uagb-ifb-title\">Eine Stiftung kann dies in einem CRM verfolgen<\/h3><\/div><p class=\"uagb-ifb-desc\">Ein einfaches CRM-System kann einer Stiftung bei verschiedenen Aspekten ihrer Aktivit\u00e4ten helfen, wie z.B.:<\/p><\/div><\/div>\n\n\n\n<div class=\"wp-block-uagb-icon-list uagb-block-87dc4a4b\"><div class=\"uagb-icon-list__wrap\">\n<div class=\"wp-block-uagb-icon-list-child uagb-block-04347888\"><span class=\"uagb-icon-list__source-wrap\"><svg xmlns=\"https:\/\/www.w3.org\/2000\/svg\" viewBox=\"0 0 512 512\"><path d=\"M256 0C114.6 0 0 114.6 0 256c0 141.4 114.6 256 256 256s256-114.6 256-256C512 114.6 397.4 0 256 0zM406.6 278.6l-103.1 103.1c-12.5 12.5-32.75 12.5-45.25 0s-12.5-32.75 0-45.25L306.8 288H128C110.3 288 96 273.7 96 256s14.31-32 32-32h178.8l-49.38-49.38c-12.5-12.5-12.5-32.75 0-45.25s32.75-12.5 45.25 0l103.1 103.1C414.6 241.3 416 251.1 416 256C416 260.9 414.6 270.7 406.6 278.6z\"><\/path><\/svg><\/span><span class=\"uagb-icon-list__label\">Berichte: Erstellen Sie Berichte zu Finanzen, Betrieb, Kommunikation und anderen wichtigen Aspekten der Stiftung und nutzen Sie diese, um Entscheidungen zu treffen und Verbesserungen umzusetzen.<\/span><\/div>\n\n\n\n<div class=\"wp-block-uagb-icon-list-child uagb-block-f114c5b4\"><span class=\"uagb-icon-list__source-wrap\"><svg xmlns=\"https:\/\/www.w3.org\/2000\/svg\" viewBox=\"0 0 512 512\"><path d=\"M256 0C114.6 0 0 114.6 0 256c0 141.4 114.6 256 256 256s256-114.6 256-256C512 114.6 397.4 0 256 0zM406.6 278.6l-103.1 103.1c-12.5 12.5-32.75 12.5-45.25 0s-12.5-32.75 0-45.25L306.8 288H128C110.3 288 96 273.7 96 256s14.31-32 32-32h178.8l-49.38-49.38c-12.5-12.5-12.5-32.75 0-45.25s32.75-12.5 45.25 0l103.1 103.1C414.6 241.3 416 251.1 416 256C416 260.9 414.6 270.7 406.6 278.6z\"><\/path><\/svg><\/span><span class=\"uagb-icon-list__label\">Mitgliederverwaltung: Behalten Sie den \u00dcberblick dar\u00fcber, wer Mitglied ist, wann die Mitgliedschaft abl\u00e4uft, welche Mitgliedsbeitr\u00e4ge gezahlt wurden und an welchen Aktivit\u00e4ten teilgenommen wurde.<\/span><\/div>\n\n\n\n<div class=\"wp-block-uagb-icon-list-child uagb-block-50926412\"><span class=\"uagb-icon-list__source-wrap\"><svg xmlns=\"https:\/\/www.w3.org\/2000\/svg\" viewBox=\"0 0 512 512\"><path d=\"M256 0C114.6 0 0 114.6 0 256c0 141.4 114.6 256 256 256s256-114.6 256-256C512 114.6 397.4 0 256 0zM406.6 278.6l-103.1 103.1c-12.5 12.5-32.75 12.5-45.25 0s-12.5-32.75 0-45.25L306.8 288H128C110.3 288 96 273.7 96 256s14.31-32 32-32h178.8l-49.38-49.38c-12.5-12.5-12.5-32.75 0-45.25s32.75-12.5 45.25 0l103.1 103.1C414.6 241.3 416 251.1 416 256C416 260.9 414.6 270.7 406.6 278.6z\"><\/path><\/svg><\/span><span class=\"uagb-icon-list__label\">Kommunikation: Automatisieren Sie E-Mails, Newsletter und andere Mitteilungen an Kontakte und behalten Sie den \u00dcberblick dar\u00fcber, welche Mitteilungen von wem und wann gesendet wurden.<\/span><\/div>\n\n\n\n<div class=\"wp-block-uagb-icon-list-child uagb-block-cc71841b\"><span class=\"uagb-icon-list__source-wrap\"><svg xmlns=\"https:\/\/www.w3.org\/2000\/svg\" viewBox=\"0 0 512 512\"><path d=\"M256 0C114.6 0 0 114.6 0 256c0 141.4 114.6 256 256 256s256-114.6 256-256C512 114.6 397.4 0 256 0zM406.6 278.6l-103.1 103.1c-12.5 12.5-32.75 12.5-45.25 0s-12.5-32.75 0-45.25L306.8 288H128C110.3 288 96 273.7 96 256s14.31-32 32-32h178.8l-49.38-49.38c-12.5-12.5-12.5-32.75 0-45.25s32.75-12.5 45.25 0l103.1 103.1C414.6 241.3 416 251.1 416 256C416 260.9 414.6 270.7 406.6 278.6z\"><\/path><\/svg><\/span><span class=\"uagb-icon-list__label\">Eventmanagement: Behalten Sie den \u00dcberblick, wer zu Veranstaltungen eingeladen wird, wer kommt und wer nicht kommt, welche Aktivit\u00e4ten geplant sind und wer sich f\u00fcr welche Aktivit\u00e4ten angemeldet hat.<\/span><\/div>\n\n\n\n<div class=\"wp-block-uagb-icon-list-child uagb-block-a26b93e5\"><span class=\"uagb-icon-list__source-wrap\"><svg xmlns=\"https:\/\/www.w3.org\/2000\/svg\" viewBox=\"0 0 512 512\"><path d=\"M256 0C114.6 0 0 114.6 0 256c0 141.4 114.6 256 256 256s256-114.6 256-256C512 114.6 397.4 0 256 0zM406.6 278.6l-103.1 103.1c-12.5 12.5-32.75 12.5-45.25 0s-12.5-32.75 0-45.25L306.8 288H128C110.3 288 96 273.7 96 256s14.31-32 32-32h178.8l-49.38-49.38c-12.5-12.5-12.5-32.75 0-45.25s32.75-12.5 45.25 0l103.1 103.1C414.6 241.3 416 251.1 416 256C416 260.9 414.6 270.7 406.6 278.6z\"><\/path><\/svg><\/span><span class=\"uagb-icon-list__label\">Berichte: Erstellen Sie Berichte zu Finanzen, Betrieb, Kommunikation und anderen wichtigen Aspekten der Stiftung und nutzen Sie diese, um Entscheidungen zu treffen und Verbesserungen umzusetzen.<\/span><\/div>\n<\/div><\/div>\n\n\n\n<span class=\"wp-block-tpgb-tp-heading tp-core-heading tpgb-block-eae1_9539\">Ein CRM-System kann einer Stiftung helfen, effizienter zu arbeiten und ihre Ziele besser zu erreichen, indem diese Informationen besser verwaltet werden.<\/span>\n<\/div>\n<\/div>\n\n\n\n<div class=\"wp-block-uagb-container uagb-block-ozsvljzd default uagb-is-root-container\">\n<div class=\"wp-block-uagb-container uagb-block-glfhq3re\">\n<div class=\"wp-block-uagb-info-box uagb-block-xzbwenzs uagb-infobox__content-wrap  uagb-infobox-icon-above-title uagb-infobox-image-valign-top\"><div class=\"uagb-ifb-content\"><div class=\"uagb-ifb-title-wrap\"><\/div><p class=\"uagb-ifb-desc\">Ein einfaches CRM f\u00fcr Unternehmer und Freiberufler.  <br>Ein CRM, mit dem Sie sofort loslegen k\u00f6nnen und auf einen Blick sehen, wie es um Ihr Unternehmen oder Ihre Organisation steht.  <br>Machen Sie das System zu Ihrem eigenen, indem Sie Ihre Kontakte und Notizen hinzuf\u00fcgen.<br><\/p><div class=\"uagb-ifb-button-wrapper wp-block-button\"><a href=\"#\" class=\"uagb-infobox-cta-link wp-block-button__link\" target=\"_self\" rel=\"noopener noreferrer\" onclick=\"return false;\"><span class=\"uagb-inline-editing\">KOSTENLOSES KONTO ERSTELLEN<\/span><\/a><\/div><\/div><\/div>\n<\/div>\n<\/div>\n","protected":false},"excerpt":{"rendered":"","protected":false},"author":2,"featured_media":0,"parent":0,"menu_order":0,"comment_status":"closed","ping_status":"closed","template":"","meta":{"tpgb_global_settings":"","_uag_custom_page_level_css":"","advanced_seo_description":"","jetpack_seo_html_title":"","jetpack_seo_noindex":false,"footnotes":""},"class_list":["post-9539","page","type-page","status-publish","hentry"],"tpgb_featured_images":null,"tpgb_post_meta_info":{"get_date":"15 M\u00e4rz 2024","get_modified_date":"21 Oktober 2024","author_name":"Qraia CRM","author_url":"https:\/\/qraia.com\/de\/author\/aqadminuse1\/","author_email":"crm@qraia.com","author_website":"https:\/\/qraia.com","author_description":"fMVix5L(nyB%D6UrRi7RKtsj aQadminUse1","author_facebook":"","author_twitter":"","author_instagram":"","author_role":["administrator"],"author_firstname":"Qraia","author_lastname":"CRM","user_login":"aQadminUse1","author_avatar":"<img alt='' src='https:\/\/secure.gravatar.com\/avatar\/b10245e741920edd52365ebfa9f18c05eacb89dd86ed7878a58dea199f52aab4?s=200&#038;d=mm&#038;r=g' srcset='https:\/\/secure.gravatar.com\/avatar\/b10245e741920edd52365ebfa9f18c05eacb89dd86ed7878a58dea199f52aab4?s=400&#038;d=mm&#038;r=g 2x' class='avatar avatar-200 photo' height='200' width='200' loading='lazy' decoding='async'\/>","author_avatar_url":"https:\/\/secure.gravatar.com\/avatar\/b10245e741920edd52365ebfa9f18c05eacb89dd86ed7878a58dea199f52aab4?s=96&d=mm&r=g","comment_count":0,"post_likes":0,"post_views":0},"tpgb_post_category":[],"uagb_featured_image_src":{"full":false,"thumbnail":false,"medium":false,"medium_large":false,"large":false,"1536x1536":false,"2048x2048":false,"tp-image-grid":false},"uagb_author_info":{"display_name":"Qraia CRM","author_link":"https:\/\/qraia.com\/de\/author\/aqadminuse1\/"},"uagb_comment_info":0,"uagb_excerpt":null,"jetpack_shortlink":"https:\/\/wp.me\/PcWCNB-2tR","jetpack_sharing_enabled":true,"jetpack-related-posts":[],"_links":{"self":[{"href":"https:\/\/qraia.com\/de\/wp-json\/wp\/v2\/pages\/9539","targetHints":{"allow":["GET"]}}],"collection":[{"href":"https:\/\/qraia.com\/de\/wp-json\/wp\/v2\/pages"}],"about":[{"href":"https:\/\/qraia.com\/de\/wp-json\/wp\/v2\/types\/page"}],"author":[{"embeddable":true,"href":"https:\/\/qraia.com\/de\/wp-json\/wp\/v2\/users\/2"}],"replies":[{"embeddable":true,"href":"https:\/\/qraia.com\/de\/wp-json\/wp\/v2\/comments?post=9539"}],"version-history":[{"count":4,"href":"https:\/\/qraia.com\/de\/wp-json\/wp\/v2\/pages\/9539\/revisions"}],"predecessor-version":[{"id":9680,"href":"https:\/\/qraia.com\/de\/wp-json\/wp\/v2\/pages\/9539\/revisions\/9680"}],"wp:attachment":[{"href":"https:\/\/qraia.com\/de\/wp-json\/wp\/v2\/media?parent=9539"}],"curies":[{"name":"wp","href":"https:\/\/api.w.org\/{rel}","templated":true}]}}