{"id":9515,"date":"2024-02-26T21:40:03","date_gmt":"2024-02-26T21:40:03","guid":{"rendered":"https:\/\/qraia.com\/blog\/"},"modified":"2024-12-03T16:54:38","modified_gmt":"2024-12-03T16:54:38","slug":"blog","status":"publish","type":"page","link":"https:\/\/qraia.com\/de\/blog\/","title":{"rendered":"Blog"},"content":{"rendered":"\n<p><\/p>\n\n\n<div  class=\"tpgb-wrap-f52f_11  tpgb-wrap-fw \"  ><div id=\"f52f_11\" class=\"tpgb-post-listing   tpgb-block-f52f_11 dynamic-style-2 tpgb-isotope layout-style-1   tpgb-relative-block\" data-id=\"f52f_11\" data-style=\"dynamic-style-2\" data-layout=\"grid\" data-splide='\"\"' data-connection=\"tpgb_search\"  ><div class=\"post-loop-inner tpgb-row\" ><div class=\"grid-item  tpgb-col tpgb-col-lg-12 tpgb-col-md-6 tpgb-col-sm-12 tpgb-col-12  \">\r\n<div class=\"dynamic-list-content tpgb-dynamic-tran\">\r\n\t\r\n\t \r\n\t<div class=\"post-content-image\">\r\n\t\t\t<div class=\"tpgb-post-featured-img tpgb-dynamic-tran hover-image-none\">\r\n\t\t<a href=\"https:\/\/qraia.com\/de\/bauen-sie-beziehungen-mit-einfachem-crm-auf\/\" aria-label=\"Bauen Sie Beziehungen mit einfachem CRM auf\" >\r\n\t\t\t<img data-recalc-dims=\"1\" decoding=\"async\" src=\"https:\/\/i0.wp.com\/qraia.com\/wp-content\/plugins\/the-plus-addons-for-block-editor\/assets\/images\/tpgb-placeholder.jpg?w=1200&#038;ssl=1\" alt=\"Bauen Sie Beziehungen mit einfachem CRM auf\"  class=\"tpgb-d-block tpgb-post-img tpgb-dynamic-tran\">\t\t<\/a>\r\n\t<\/div>\t\t\t<\/div>\r\n\t\t\r\n\t<div class=\"tpgb-content-bottom text-left\">\r\n\t\t\t\t\t\t<h3 class=\"tpgb-post-title tpgb-dynamic-tran\">\r\n\t\t<a href=\"https:\/\/qraia.com\/de\/bauen-sie-beziehungen-mit-einfachem-crm-auf\/\">Bauen Sie Beziehungen mit einfachem CRM auf<\/a>\r\n<\/h3>\t\t<div class=\"tpgb-post-hover-content\">\r\n\t\t\t\t<div class=\"tpgb-post-excerpt tpgb-d-block tpgb-dynamic-tran\"><p>Wie baut man mit einem einfachen CRM-System starke Gesch\u00e4ftsbeziehungen auf? Dass es als Unternehmer wichtig ist, gute Gesch\u00e4ftsbeziehungen aufzubauen und zu pflegen, wird f\u00fcr Unternehmer keine Neuigkeit sein. Aber wie k\u00f6nnen Sie ein einfaches CRM-System nutzen, um Beziehungen zu pflegen? Was ist ein einfaches CRM? Nur noch eins, was ist ein weiteres einfaches CRM-System? Ein [&hellip;]<\/p><\/div>\r\n<div class=\"post-meta-info post-info-style-1\">\r\n\t<\/div>\t\t<\/div>\r\n\t\t\t<\/div>\r\n\t\t<\/div>\r\n<\/div><div class=\"grid-item  tpgb-col tpgb-col-lg-12 tpgb-col-md-6 tpgb-col-sm-12 tpgb-col-12  \">\r\n<div class=\"dynamic-list-content tpgb-dynamic-tran\">\r\n\t\r\n\t \r\n\t<div class=\"post-content-image\">\r\n\t\t\t<div class=\"tpgb-post-featured-img tpgb-dynamic-tran hover-image-none\">\r\n\t\t<a href=\"https:\/\/qraia.com\/de\/adressbuch\/\" aria-label=\"Adressbuch\" >\r\n\t\t\t<img data-recalc-dims=\"1\" decoding=\"async\" src=\"https:\/\/i0.wp.com\/qraia.com\/wp-content\/plugins\/the-plus-addons-for-block-editor\/assets\/images\/tpgb-placeholder.jpg?w=1200&#038;ssl=1\" alt=\"Adressbuch\"  class=\"tpgb-d-block tpgb-post-img tpgb-dynamic-tran\">\t\t<\/a>\r\n\t<\/div>\t\t\t<\/div>\r\n\t\t\r\n\t<div class=\"tpgb-content-bottom text-left\">\r\n\t\t\t\t\t\t<h3 class=\"tpgb-post-title tpgb-dynamic-tran\">\r\n\t\t<a href=\"https:\/\/qraia.com\/de\/adressbuch\/\">Adressbuch<\/a>\r\n<\/h3>\t\t<div class=\"tpgb-post-hover-content\">\r\n\t\t\t\t<div class=\"tpgb-post-excerpt tpgb-d-block tpgb-dynamic-tran\"><p>Im Qraia CRM-Adressbuch k\u00f6nnen Sie ganz einfach alle Ihre Kontakte speichern. Mit Kontaktdaten, Funktionen, Links zu dem Unternehmen, in dem sie arbeiten oder gearbeitet haben. Und vieles mehr. Adressbuch, denn k\u00f6nnen Sie damit umgehen? Sie k\u00f6nnen darin Kontakte speichern. Mit Vorname, Nachname, E-Mail-Adresse, Telefonnummer, Adresse, sozialen Netzwerken und mehr. Sie k\u00f6nnen die Funktion auch hinzuf\u00fcgen [&hellip;]<\/p><\/div>\r\n<div class=\"post-meta-info post-info-style-1\">\r\n\t<\/div>\t\t<\/div>\r\n\t\t\t<\/div>\r\n\t\t<\/div>\r\n<\/div><div class=\"grid-item  tpgb-col tpgb-col-lg-12 tpgb-col-md-6 tpgb-col-sm-12 tpgb-col-12  \">\r\n<div class=\"dynamic-list-content tpgb-dynamic-tran\">\r\n\t\r\n\t \r\n\t<div class=\"post-content-image\">\r\n\t\t\t<div class=\"tpgb-post-featured-img tpgb-dynamic-tran hover-image-none\">\r\n\t\t<a href=\"https:\/\/qraia.com\/de\/erste-schritte-mit-qraia\/\" aria-label=\"Erste Schritte mit Qraia\" >\r\n\t\t\t<img data-recalc-dims=\"1\" decoding=\"async\" src=\"https:\/\/i0.wp.com\/qraia.com\/wp-content\/plugins\/the-plus-addons-for-block-editor\/assets\/images\/tpgb-placeholder.jpg?w=1200&#038;ssl=1\" alt=\"Erste Schritte mit Qraia\"  class=\"tpgb-d-block tpgb-post-img tpgb-dynamic-tran\">\t\t<\/a>\r\n\t<\/div>\t\t\t<\/div>\r\n\t\t\r\n\t<div class=\"tpgb-content-bottom text-left\">\r\n\t\t\t\t\t\t<h3 class=\"tpgb-post-title tpgb-dynamic-tran\">\r\n\t\t<a href=\"https:\/\/qraia.com\/de\/erste-schritte-mit-qraia\/\">Erste Schritte mit Qraia<\/a>\r\n<\/h3>\t\t<div class=\"tpgb-post-hover-content\">\r\n\t\t\t\t<div class=\"tpgb-post-excerpt tpgb-d-block tpgb-dynamic-tran\"><p>Wir helfen Ihnen auf Ihrem Weg. Auf diese Weise k\u00f6nnen Sie schnell loslegen und das Beste aus Qraia CRM herausholen. Qraia ist ein super einfaches CRM-System, daher sollte das meiste davon selbsterkl\u00e4rend sein. Hier sind die ersten Tipps und Tricks. Dies ist ein kleiner Schritt-f\u00fcr-Schritt-Plan, der Ihnen zeigt, wie Sie mit diesem einfachen CRM-System beginnen [&hellip;]<\/p><\/div>\r\n<div class=\"post-meta-info post-info-style-1\">\r\n\t<\/div>\t\t<\/div>\r\n\t\t\t<\/div>\r\n\t\t<\/div>\r\n<\/div><div class=\"grid-item  tpgb-col tpgb-col-lg-12 tpgb-col-md-6 tpgb-col-sm-12 tpgb-col-12  \">\r\n<div class=\"dynamic-list-content tpgb-dynamic-tran\">\r\n\t\r\n\t \r\n\t<div class=\"post-content-image\">\r\n\t\t\t<div class=\"tpgb-post-featured-img tpgb-dynamic-tran hover-image-none\">\r\n\t\t<a href=\"https:\/\/qraia.com\/de\/visitenkarte\/\" aria-label=\"Visitenkarte\" >\r\n\t\t\t<img data-recalc-dims=\"1\" decoding=\"async\" src=\"https:\/\/i0.wp.com\/qraia.com\/wp-content\/plugins\/the-plus-addons-for-block-editor\/assets\/images\/tpgb-placeholder.jpg?w=1200&#038;ssl=1\" alt=\"Visitenkarte\"  class=\"tpgb-d-block tpgb-post-img tpgb-dynamic-tran\">\t\t<\/a>\r\n\t<\/div>\t\t\t<\/div>\r\n\t\t\r\n\t<div class=\"tpgb-content-bottom text-left\">\r\n\t\t\t\t\t\t<h3 class=\"tpgb-post-title tpgb-dynamic-tran\">\r\n\t\t<a href=\"https:\/\/qraia.com\/de\/visitenkarte\/\">Visitenkarte<\/a>\r\n<\/h3>\t\t<div class=\"tpgb-post-hover-content\">\r\n\t\t\t\t<div class=\"tpgb-post-excerpt tpgb-d-block tpgb-dynamic-tran\"><p>Sie haben Gl\u00fcck! Wenn Sie unsere Visitenkarte erhalten haben, erhalten Sie einen sch\u00f6nen Rabatt. Willst du das nicht auch? Verwenden Sie beim Upgrade den Code &#8222;buscard&#8220;, und sie wird f\u00fcr Sie hinzugef\u00fcgt.<\/p><\/div>\r\n<div class=\"post-meta-info post-info-style-1\">\r\n\t<\/div>\t\t<\/div>\r\n\t\t\t<\/div>\r\n\t\t<\/div>\r\n<\/div><div class=\"grid-item  tpgb-col tpgb-col-lg-12 tpgb-col-md-6 tpgb-col-sm-12 tpgb-col-12  \">\r\n<div class=\"dynamic-list-content tpgb-dynamic-tran\">\r\n\t\r\n\t \r\n\t<div class=\"post-content-image\">\r\n\t\t\t<div class=\"tpgb-post-featured-img tpgb-dynamic-tran hover-image-none\">\r\n\t\t<a href=\"https:\/\/qraia.com\/de\/warum-es-schwierig-machen-wenn-es-auch-einfacher-sein-kann\/\" aria-label=\"Warum es schwierig machen, wenn es auch einfacher sein kann?\" >\r\n\t\t\t<img data-recalc-dims=\"1\" decoding=\"async\" src=\"https:\/\/i0.wp.com\/qraia.com\/wp-content\/plugins\/the-plus-addons-for-block-editor\/assets\/images\/tpgb-placeholder.jpg?w=1200&#038;ssl=1\" alt=\"Warum es schwierig machen, wenn es auch einfacher sein kann?\"  class=\"tpgb-d-block tpgb-post-img tpgb-dynamic-tran\">\t\t<\/a>\r\n\t<\/div>\t\t\t<\/div>\r\n\t\t\r\n\t<div class=\"tpgb-content-bottom text-left\">\r\n\t\t\t\t\t\t<h3 class=\"tpgb-post-title tpgb-dynamic-tran\">\r\n\t\t<a href=\"https:\/\/qraia.com\/de\/warum-es-schwierig-machen-wenn-es-auch-einfacher-sein-kann\/\">Warum es schwierig machen, wenn es auch einfacher sein kann?<\/a>\r\n<\/h3>\t\t<div class=\"tpgb-post-hover-content\">\r\n\t\t\t\t<div class=\"tpgb-post-excerpt tpgb-d-block tpgb-dynamic-tran\"><p>Erfahrungen eines Qraia CRM System Anwenders VII We laten zien hoe eenvoudig een eenvoudig crm wel niet kan zijn. Dieses Mal wollte ich \u00fcber die Bedeutung dieses speziellen Systems sprechen, das es einfach zu bedienen macht . Leider neigen viele Menschen dazu, zu denken, dass die Anschaffung eines solchen Systems teuer und zeitaufwendig ist und [&hellip;]<\/p><\/div>\r\n<div class=\"post-meta-info post-info-style-1\">\r\n\t<\/div>\t\t<\/div>\r\n\t\t\t<\/div>\r\n\t\t<\/div>\r\n<\/div><div class=\"grid-item  tpgb-col tpgb-col-lg-12 tpgb-col-md-6 tpgb-col-sm-12 tpgb-col-12  \">\r\n<div class=\"dynamic-list-content tpgb-dynamic-tran\">\r\n\t\r\n\t \r\n\t<div class=\"post-content-image\">\r\n\t\t\t<div class=\"tpgb-post-featured-img tpgb-dynamic-tran hover-image-none\">\r\n\t\t<a href=\"https:\/\/qraia.com\/de\/die-bedeutung-der-zusammenarbeit-innerhalb-eines-einfachen-crm-systems\/\" aria-label=\"Die Bedeutung der Zusammenarbeit innerhalb eines einfachen CRM-Systems\" >\r\n\t\t\t<img loading=\"lazy\" decoding=\"async\" width=\"1792\" height=\"1024\" src=\"https:\/\/i0.wp.com\/qraia.com\/wp-content\/uploads\/2024\/05\/image.png?fit=1792%2C1024&amp;ssl=1\" class=\"tpgb-d-block tpgb-post-img tpgb-dynamic-tran wp-post-image\" alt=\"\" srcset=\"https:\/\/i0.wp.com\/qraia.com\/wp-content\/uploads\/2024\/05\/image.png?w=1792&amp;ssl=1 1792w, https:\/\/i0.wp.com\/qraia.com\/wp-content\/uploads\/2024\/05\/image.png?resize=300%2C171&amp;ssl=1 300w, https:\/\/i0.wp.com\/qraia.com\/wp-content\/uploads\/2024\/05\/image.png?resize=1024%2C585&amp;ssl=1 1024w, https:\/\/i0.wp.com\/qraia.com\/wp-content\/uploads\/2024\/05\/image.png?resize=768%2C439&amp;ssl=1 768w, https:\/\/i0.wp.com\/qraia.com\/wp-content\/uploads\/2024\/05\/image.png?resize=1536%2C878&amp;ssl=1 1536w\" sizes=\"auto, (max-width: 1200px) 100vw, 1200px\" \/>\t\t<\/a>\r\n\t<\/div>\t\t\t<\/div>\r\n\t\t\r\n\t<div class=\"tpgb-content-bottom text-left\">\r\n\t\t\t\t\t\t<h3 class=\"tpgb-post-title tpgb-dynamic-tran\">\r\n\t\t<a href=\"https:\/\/qraia.com\/de\/die-bedeutung-der-zusammenarbeit-innerhalb-eines-einfachen-crm-systems\/\">Die Bedeutung der Zusammenarbeit innerhalb eines einfachen CRM-Systems<\/a>\r\n<\/h3>\t\t<div class=\"tpgb-post-hover-content\">\r\n\t\t\t\t<div class=\"tpgb-post-excerpt tpgb-d-block tpgb-dynamic-tran\"><p>In der heutigen dynamischen Gesch\u00e4ftswelt ist das Kundenbeziehungsmanagement entscheidend f\u00fcr den Erfolg vieler Unternehmen, unabh\u00e4ngig davon, ob es sich um Selbstst\u00e4ndige, Kleinunternehmer oder gr\u00f6\u00dfere Organisationen handelt. Customer Relationship Management (CRM)-Systeme wie das von Qraia bieten einen strukturierten Ansatz f\u00fcr die Organisation und Analyse von Kundeninformationen. In diesem Blog werfen wir einen genaueren Blick auf die [&hellip;]<\/p><\/div>\r\n<div class=\"post-meta-info post-info-style-1\">\r\n\t<\/div>\t\t<\/div>\r\n\t\t\t<\/div>\r\n\t\t<\/div>\r\n<\/div><div class=\"grid-item  tpgb-col tpgb-col-lg-12 tpgb-col-md-6 tpgb-col-sm-12 tpgb-col-12  \">\r\n<div class=\"dynamic-list-content tpgb-dynamic-tran\">\r\n\t\r\n\t \r\n\t<div class=\"post-content-image\">\r\n\t\t\t<div class=\"tpgb-post-featured-img tpgb-dynamic-tran hover-image-none\">\r\n\t\t<a href=\"https:\/\/qraia.com\/de\/neue-funktionen-und-updates\/\" aria-label=\"Neue Funktionen und Updates\" >\r\n\t\t\t<img data-recalc-dims=\"1\" decoding=\"async\" src=\"https:\/\/i0.wp.com\/qraia.com\/wp-content\/plugins\/the-plus-addons-for-block-editor\/assets\/images\/tpgb-placeholder.jpg?w=1200&#038;ssl=1\" alt=\"Neue Funktionen und Updates\"  class=\"tpgb-d-block tpgb-post-img tpgb-dynamic-tran\">\t\t<\/a>\r\n\t<\/div>\t\t\t<\/div>\r\n\t\t\r\n\t<div class=\"tpgb-content-bottom text-left\">\r\n\t\t\t\t\t\t<h3 class=\"tpgb-post-title tpgb-dynamic-tran\">\r\n\t\t<a href=\"https:\/\/qraia.com\/de\/neue-funktionen-und-updates\/\">Neue Funktionen und Updates<\/a>\r\n<\/h3>\t\t<div class=\"tpgb-post-hover-content\">\r\n\t\t\t\t<div class=\"tpgb-post-excerpt tpgb-d-block tpgb-dynamic-tran\"><p>In den letzten Monaten haben wir mehrere neue Funktionen eingef\u00fchrt, gro\u00dfe und kleine, die Sie vielleicht schon gesehen und verwendet haben. Auch hinter den Kulissen gab es in den letzten Monaten ein gro\u00dfes Update, das Sie als Nutzer nicht bemerken werden. Einige der neuen Funktionen wurden auf Wunsch von Ihnen als Benutzer erstellt, andere waren [&hellip;]<\/p><\/div>\r\n<div class=\"post-meta-info post-info-style-1\">\r\n\t<\/div>\t\t<\/div>\r\n\t\t\t<\/div>\r\n\t\t<\/div>\r\n<\/div><div class=\"grid-item  tpgb-col tpgb-col-lg-12 tpgb-col-md-6 tpgb-col-sm-12 tpgb-col-12  \">\r\n<div class=\"dynamic-list-content tpgb-dynamic-tran\">\r\n\t\r\n\t \r\n\t<div class=\"post-content-image\">\r\n\t\t\t<div class=\"tpgb-post-featured-img tpgb-dynamic-tran hover-image-none\">\r\n\t\t<a href=\"https:\/\/qraia.com\/de\/aufbau-und-pflege-von-geschaeftsbeziehungen\/\" aria-label=\"Aufbau und Pflege von Gesch\u00e4ftsbeziehungen?\" >\r\n\t\t\t<img data-recalc-dims=\"1\" decoding=\"async\" src=\"https:\/\/i0.wp.com\/qraia.com\/wp-content\/plugins\/the-plus-addons-for-block-editor\/assets\/images\/tpgb-placeholder.jpg?w=1200&#038;ssl=1\" alt=\"Aufbau und Pflege von Gesch\u00e4ftsbeziehungen?\"  class=\"tpgb-d-block tpgb-post-img tpgb-dynamic-tran\">\t\t<\/a>\r\n\t<\/div>\t\t\t<\/div>\r\n\t\t\r\n\t<div class=\"tpgb-content-bottom text-left\">\r\n\t\t\t\t\t\t<h3 class=\"tpgb-post-title tpgb-dynamic-tran\">\r\n\t\t<a href=\"https:\/\/qraia.com\/de\/aufbau-und-pflege-von-geschaeftsbeziehungen\/\">Aufbau und Pflege von Gesch\u00e4ftsbeziehungen?<\/a>\r\n<\/h3>\t\t<div class=\"tpgb-post-hover-content\">\r\n\t\t\t\t<div class=\"tpgb-post-excerpt tpgb-d-block tpgb-dynamic-tran\"><p>Aufbau und Pflege von Gesch\u00e4ftsbeziehungen? So geht&#8217;s! Der Aufbau von Gesch\u00e4ftsbeziehungen ist wichtig, aber auch die Pflege dieser Beziehungen. Schlie\u00dflich h\u00e4ngt der Erfolg Ihres Unternehmens auch von Ihrem Netzwerk ab. Eine Gesch\u00e4ftsbeziehung kann ein Investor oder Sponsor sein, aber nat\u00fcrlich auch ein Hersteller oder Zulieferer. Welche Schritte m\u00fcssen Sie als Unternehmer unternehmen, um Gesch\u00e4ftsbeziehungen aufzubauen? [&hellip;]<\/p><\/div>\r\n<div class=\"post-meta-info post-info-style-1\">\r\n\t<\/div>\t\t<\/div>\r\n\t\t\t<\/div>\r\n\t\t<\/div>\r\n<\/div><div class=\"grid-item  tpgb-col tpgb-col-lg-12 tpgb-col-md-6 tpgb-col-sm-12 tpgb-col-12  \">\r\n<div class=\"dynamic-list-content tpgb-dynamic-tran\">\r\n\t\r\n\t \r\n\t<div class=\"post-content-image\">\r\n\t\t\t<div class=\"tpgb-post-featured-img tpgb-dynamic-tran hover-image-none\">\r\n\t\t<a href=\"https:\/\/qraia.com\/de\/kostenloses-adressbuch\/\" aria-label=\"Kostenloses Adressbuch\" >\r\n\t\t\t<img data-recalc-dims=\"1\" decoding=\"async\" src=\"https:\/\/i0.wp.com\/qraia.com\/wp-content\/plugins\/the-plus-addons-for-block-editor\/assets\/images\/tpgb-placeholder.jpg?w=1200&#038;ssl=1\" alt=\"Kostenloses Adressbuch\"  class=\"tpgb-d-block tpgb-post-img tpgb-dynamic-tran\">\t\t<\/a>\r\n\t<\/div>\t\t\t<\/div>\r\n\t\t\r\n\t<div class=\"tpgb-content-bottom text-left\">\r\n\t\t\t\t\t\t<h3 class=\"tpgb-post-title tpgb-dynamic-tran\">\r\n\t\t<a href=\"https:\/\/qraia.com\/de\/kostenloses-adressbuch\/\">Kostenloses Adressbuch<\/a>\r\n<\/h3>\t\t<div class=\"tpgb-post-hover-content\">\r\n\t\t\t\t<div class=\"tpgb-post-excerpt tpgb-d-block tpgb-dynamic-tran\"><p>Jeder braucht ein Adressbuch . Whether you have this in your head (very) old-fashioned, use a traditional paper address book, have all your contacts on your phone or use a special and simple crm system for it, it doesn&#8217;t really matter. Sometimes you are not even aware that you are using an address book, for [&hellip;]<\/p><\/div>\r\n<div class=\"post-meta-info post-info-style-1\">\r\n\t<\/div>\t\t<\/div>\r\n\t\t\t<\/div>\r\n\t\t<\/div>\r\n<\/div><\/div><\/div><\/div>","protected":false},"excerpt":{"rendered":"","protected":false},"author":2,"featured_media":0,"parent":0,"menu_order":0,"comment_status":"closed","ping_status":"closed","template":"","meta":{"tpgb_global_settings":"","_uag_custom_page_level_css":"","advanced_seo_description":"","jetpack_seo_html_title":"","jetpack_seo_noindex":false,"footnotes":""},"class_list":["post-9515","page","type-page","status-publish","hentry"],"tpgb_featured_images":null,"tpgb_post_meta_info":{"get_date":"26 Februar 2024","get_modified_date":"3 Dezember 2024","author_name":"Qraia CRM","author_url":"https:\/\/qraia.com\/de\/author\/aqadminuse1\/","author_email":"crm@qraia.com","author_website":"https:\/\/qraia.com","author_description":"fMVix5L(nyB%D6UrRi7RKtsj aQadminUse1","author_facebook":"","author_twitter":"","author_instagram":"","author_role":["administrator"],"author_firstname":"Qraia","author_lastname":"CRM","user_login":"aQadminUse1","author_avatar":"<img alt='' src='https:\/\/secure.gravatar.com\/avatar\/b10245e741920edd52365ebfa9f18c05eacb89dd86ed7878a58dea199f52aab4?s=200&#038;d=mm&#038;r=g' srcset='https:\/\/secure.gravatar.com\/avatar\/b10245e741920edd52365ebfa9f18c05eacb89dd86ed7878a58dea199f52aab4?s=400&#038;d=mm&#038;r=g 2x' class='avatar avatar-200 photo' height='200' width='200' loading='lazy' decoding='async'\/>","author_avatar_url":"https:\/\/secure.gravatar.com\/avatar\/b10245e741920edd52365ebfa9f18c05eacb89dd86ed7878a58dea199f52aab4?s=96&d=mm&r=g","comment_count":0,"post_likes":0,"post_views":0},"tpgb_post_category":[],"uagb_featured_image_src":{"full":false,"thumbnail":false,"medium":false,"medium_large":false,"large":false,"1536x1536":false,"2048x2048":false,"tp-image-grid":false},"uagb_author_info":{"display_name":"Qraia CRM","author_link":"https:\/\/qraia.com\/de\/author\/aqadminuse1\/"},"uagb_comment_info":0,"uagb_excerpt":null,"jetpack_shortlink":"https:\/\/wp.me\/PcWCNB-2tt","jetpack_sharing_enabled":true,"jetpack-related-posts":[],"_links":{"self":[{"href":"https:\/\/qraia.com\/de\/wp-json\/wp\/v2\/pages\/9515","targetHints":{"allow":["GET"]}}],"collection":[{"href":"https:\/\/qraia.com\/de\/wp-json\/wp\/v2\/pages"}],"about":[{"href":"https:\/\/qraia.com\/de\/wp-json\/wp\/v2\/types\/page"}],"author":[{"embeddable":true,"href":"https:\/\/qraia.com\/de\/wp-json\/wp\/v2\/users\/2"}],"replies":[{"embeddable":true,"href":"https:\/\/qraia.com\/de\/wp-json\/wp\/v2\/comments?post=9515"}],"version-history":[{"count":6,"href":"https:\/\/qraia.com\/de\/wp-json\/wp\/v2\/pages\/9515\/revisions"}],"predecessor-version":[{"id":9927,"href":"https:\/\/qraia.com\/de\/wp-json\/wp\/v2\/pages\/9515\/revisions\/9927"}],"wp:attachment":[{"href":"https:\/\/qraia.com\/de\/wp-json\/wp\/v2\/media?parent=9515"}],"curies":[{"name":"wp","href":"https:\/\/api.w.org\/{rel}","templated":true}]}}