{"id":10760,"date":"2024-04-17T13:33:39","date_gmt":"2024-04-17T13:33:39","guid":{"rendered":"https:\/\/qraia.com\/kostenloses-crm-system\/"},"modified":"2025-02-03T09:15:57","modified_gmt":"2025-02-03T09:15:57","slug":"kostenloses-crm-system","status":"publish","type":"page","link":"https:\/\/qraia.com\/de\/kostenloses-crm-system\/","title":{"rendered":"Kostenloses CRM-System"},"content":{"rendered":"\n<div class=\"wp-block-uagb-container uagb-block-z5xibxam default uagb-is-root-container\">\n<div class=\"wp-block-uagb-container uagb-block-nomg77xl\">\n<div class=\"wp-block-uagb-info-box uagb-block-63a84216 uagb-infobox__content-wrap  uagb-infobox-icon-above-title uagb-infobox-image-valign-top\"><div class=\"uagb-ifb-content\"><div class=\"uagb-ifb-title-wrap\"><h6 class=\"uagb-ifb-title-prefix\"><em><em><em><em>Starten Sie schnell und kostenlos mit Qraia CRM  <\/em><\/em><\/em><\/em><\/h6><h3 class=\"uagb-ifb-title\">Kostenloses CRM-System  <\/h3><\/div><p class=\"uagb-ifb-desc\">Sie m\u00f6chten schnell mit einem <a href=\"https:\/\/qraia.com\/de\/kostenloses-crm-system\/\" data-type=\"link\" data-id=\"https:\/\/qraia.com\/nl\/gratis-crm-systeem\/\">kostenlosen CRM-System<\/a> loslegen. Ein CRM-System, in dem Sie schnell alle Ihre Kontakte und Anrufnotizen speichern k\u00f6nnen. Daf\u00fcr k\u00f6nnen Sie das kostenlose CRM-System von Qraia verwenden.    <\/p><\/div><\/div>\n\n\n<div class=\"tpgb-heading-animation tpgb-block-9a1f_8443  tpgb-animation-head\" data-settings='{\"style\":\"highlights\",\"animStyle\":\"style-1\"}'><span class=\"heading-highlights heading-text-wrap heading-highlight-underline\"><span class=\"heading-anim-text\">30 seconden regel<\/span><svg version=\"1.1\" xmlns=\"http:\/\/www.w3.org\/2000\/svg\" viewBox=\"0 0 500 150\" preserveAspectRatio=\"none\"><path d=\"M7,140.9c30.6-3.8,192.1-23.5,326.4-20.7c134.3,2.7,163.7,14.2,161.5,24.6\" \/><\/svg><\/span><span class=\"heading-postfix\"> video! <\/span><\/div>\n\n\n<p class=\"has-nxt-global-color-4-color has-text-color has-link-color wp-elements-7bb559e731ef37553095c7813e11695b\">Die 30-Sekunden-Regel von Qraia. Das ist eine gro\u00dfe Herausforderung, der wir uns gerne stellen. Sie k\u00f6nnen innerhalb von 30 Sekunden loslegen und Ihren ersten Kontakt erstellen. So einfach ist das. Damit Sie sich auf Ihr Gesch\u00e4ft konzentrieren k\u00f6nnen und sich keine Gedanken \u00fcber die Software-Tools machen m\u00fcssen.      <\/p>\n\n\n\n<div class=\"wp-block-uagb-container uagb-block-b150c582\"><div class=\"uagb-container__video-wrap\"><\/div>\n<figure class=\"wp-block-embed is-type-video is-provider-youtube wp-block-embed-youtube wp-embed-aspect-16-9 wp-has-aspect-ratio\"><div class=\"wp-block-embed__wrapper\"> \n<div class=\"jetpack-video-wrapper\"><iframe loading=\"lazy\" title=\"Qraia 30 seconden regel\" width=\"1200\" height=\"675\" src=\"https:\/\/www.youtube.com\/embed\/6ksGEie-uWo?feature=oembed\" frameborder=\"0\" allow=\"accelerometer; autoplay; clipboard-write; encrypted-media; gyroscope; picture-in-picture; web-share\" referrerpolicy=\"strict-origin-when-cross-origin\" allowfullscreen><\/iframe><\/div>\n <\/div><\/figure>\n<\/div>\n<\/div>\n<\/div>\n\n<p><\/p>\n\n<div class=\"wp-block-uagb-container uagb-block-45be3472 default uagb-is-root-container\">\n<div class=\"wp-block-uagb-container uagb-block-ndkfwihg\">\n<div class=\"wp-block-uagb-image aligncenter uagb-block-podlmfho wp-block-uagb-image--layout-default wp-block-uagb-image--effect-static wp-block-uagb-image--align-center\"><figure class=\"wp-block-uagb-image__figure\"><img data-recalc-dims=\"1\" decoding=\"async\" srcset=\"https:\/\/qraia.com\/wp-content\/uploads\/2024\/03\/Qraia-CRM.webp ,https:\/\/qraia.com\/wp-content\/uploads\/2024\/03\/Qraia-CRM.webp 780w, https:\/\/qraia.com\/wp-content\/uploads\/2024\/03\/Qraia-CRM.webp 360w\" sizes=\"auto, (max-width: 480px) 150px\" src=\"https:\/\/i0.wp.com\/qraia.com\/wp-content\/uploads\/2024\/03\/Qraia-CRM.webp?resize=550%2C289&#038;ssl=1\" alt=\"\" class=\"uag-image-112\" width=\"550\" height=\"289\" title=\"Qraia-CRM\" loading=\"lazy\" role=\"img\"><\/figure><\/div>\n<\/div>\n\n\n\n<div class=\"wp-block-uagb-container uagb-block-4eceb287\">\n<div class=\"wp-block-uagb-info-box uagb-block-deohuwgs uagb-infobox__content-wrap  uagb-infobox-icon-above-title uagb-infobox-image-valign-top\"><div class=\"uagb-ifb-content\"><div class=\"uagb-ifb-title-wrap\"><h6 class=\"uagb-ifb-title-prefix\"><em><em>Einfacher \u00dcberblick<\/em><\/em><\/h6><h3 class=\"uagb-ifb-title\">Aufgaben und Kontakte<\/h3><\/div><p class=\"uagb-ifb-desc\">Wissen, was zu tun ist. Und an wen Sie sich wenden k\u00f6nnen. Ohne den \u00dcberblick zu verlieren.  <br\/><br\/>Verkn\u00fcpfen Sie eine Aufgabe mit einem Kontakt aus Ihrem Adressbuch. Und weisen Sie Ihrem Kollegen eine Aufgabe zu. <br\/><br\/>Priorit\u00e4t? Heute oder morgen? All dies k\u00f6nnen Sie beim Erstellen oder Bearbeiten einer Aufgabe angeben.  <br\/><br\/>Bist du so weit? Markieren Sie die Aufgabe und sie wird automatisch archiviert, sodass Sie nur die Aufgaben sehen, die noch erledigt werden m\u00fcssen. <br\/><br\/>Aufgaben sparen Zeit und sorgen daf\u00fcr, dass Sie den \u00dcberblick behalten.<br\/><br\/>Mit <a href=\"https:\/\/qraia.com\/de\/einfaches-crm-system\/\">dem einfachen CRM von Qraia<\/a> behalten Sie den \u00dcberblick.<\/p><\/div><\/div>\n<\/div>\n<\/div>\n\n<div class=\"wp-block-uagb-container uagb-block-1b3ba0db default uagb-is-root-container\">\n<div class=\"wp-block-uagb-container uagb-block-e93e0eee\">\n<div class=\"wp-block-uagb-info-box uagb-block-fe4a82b5 uagb-infobox__content-wrap  uagb-infobox-icon-above-title uagb-infobox-image-valign-top\"><div class=\"uagb-ifb-content\"><div class=\"uagb-ifb-title-wrap\"><h6 class=\"uagb-ifb-title-prefix\"><em><em>Intelligente Werkzeuge<\/em><\/em><\/h6><h3 class=\"uagb-ifb-title\">Mailings und Etiketten<\/h3><\/div><p class=\"uagb-ifb-desc\">Die Pflege von Kontakten ist eine ziemliche Arbeit. Deshalb hilft Qraia CRM, es einfach zu machen. Organisieren Sie Ihre Kontakte mit Labels. Zum Beispiel f\u00fcr eine Veranstaltung, ein Projekt oder eine Zielgruppe. Und E-Mails versenden.      <br\/><br\/>Senden Sie <a href=\"http:\/\/qraia.com\/nl\/mailings\/\">Mailings<\/a> an alle Kontakte, die mit einem Label verkn\u00fcpft sind. Sie k\u00f6nnen z.B. allen ein Mailing f\u00fcr Ihr Sommerevent oder den Teilnehmern des Februarkurses schicken.   <br\/><br\/>Exportieren? Kein Problem. W\u00e4hlen Sie ein Label aus und klicken Sie auf Exportieren. So einfach kann es sein.     <br\/><br\/>Mit dem einfachen CRM von Qraia behalten Sie den \u00dcberblick und bleiben ganz einfach mit Ihren Gesch\u00e4ftspartnern in Kontakt.  <\/p><\/div><\/div>\n<\/div>\n\n\n\n<div class=\"wp-block-uagb-container uagb-block-3879d945\">\n<div class=\"wp-block-uagb-image aligncenter uagb-block-31e70030 wp-block-uagb-image--layout-default wp-block-uagb-image--effect-static wp-block-uagb-image--align-center\"><figure class=\"wp-block-uagb-image__figure\"><img data-recalc-dims=\"1\" decoding=\"async\" srcset=\"https:\/\/qraia.com\/wp-content\/uploads\/2024\/12\/Screenshot-2024-12-18-at-21.34.38-1024x531.png ,https:\/\/qraia.com\/wp-content\/uploads\/2024\/12\/Screenshot-2024-12-18-at-21.34.38.png 780w, https:\/\/qraia.com\/wp-content\/uploads\/2024\/12\/Screenshot-2024-12-18-at-21.34.38.png 360w\" sizes=\"auto, (max-width: 480px) 150px\" src=\"https:\/\/i0.wp.com\/qraia.com\/wp-content\/uploads\/2024\/12\/Screenshot-2024-12-18-at-21.34.38.png?resize=564%2C423&#038;ssl=1\" alt=\"\" class=\"uag-image-10288\" width=\"564\" height=\"423\" title=\"Screenshot 18.12.2024 um 21.34.38 Uhr\" loading=\"lazy\" role=\"img\"><\/figure><\/div>\n<\/div>\n<\/div>\n\n<div class=\"wp-block-uagb-container uagb-block-8tfon3vk default uagb-is-root-container\">\n<div class=\"wp-block-uagb-container uagb-block-h834ce6r\">\n<div class=\"wp-block-uagb-info-box uagb-block-2mg1ykli uagb-infobox__content-wrap  uagb-infobox-icon-above-title uagb-infobox-image-valign-top\"><div class=\"uagb-ifb-content\"><div class=\"uagb-ifb-title-wrap\"><h2 class=\"uagb-ifb-title\">Starten Sie jetzt kostenlos und verlieren Sie nie etwas.<br\/>Ihre Kontakte, Notizen und Aufgaben sind sicher.<\/h2><\/div><\/div><\/div>\n<\/div>\n\n\n\n<div class=\"wp-block-uagb-container uagb-block-4lacbyiy\">\n<div class=\"wp-block-uagb-buttons uagb-buttons__outer-wrap uagb-btn__default-btn uagb-btn-tablet__default-btn uagb-btn-mobile__default-btn uagb-block-i41sllup\"><div class=\"uagb-buttons__wrap uagb-buttons-layout-wrap \">\n<div class=\"wp-block-uagb-buttons-child uagb-buttons__outer-wrap uagb-block-ie2t7nnl wp-block-button\"><div class=\"uagb-button__wrapper\"><a class=\"uagb-buttons-repeater wp-block-button__link\" aria-label=\"\" href=\"https:\/\/crm.qraia.com\/signup\" rel=\"follow noopener\" target=\"_self\" role=\"button\"><div class=\"uagb-button__link\">Zuerst Kontakt aufnehmen<\/div><\/a><\/div><\/div>\n<\/div><\/div>\n<\/div>\n<\/div>\n","protected":false},"excerpt":{"rendered":"<p>Die 30-Sekunden-Regel von Qraia. Das ist eine gro\u00dfe Herausforderung, der wir uns gerne stellen. Sie k\u00f6nnen innerhalb von 30 Sekunden loslegen und Ihren ersten Kontakt erstellen. So einfach ist das. Damit Sie sich auf Ihr Gesch\u00e4ft konzentrieren k\u00f6nnen und sich keine Gedanken \u00fcber die Software-Tools machen m\u00fcssen.<\/p>\n","protected":false},"author":2,"featured_media":0,"parent":0,"menu_order":0,"comment_status":"closed","ping_status":"closed","template":"","meta":{"tpgb_global_settings":"","_uag_custom_page_level_css":"","advanced_seo_description":"","jetpack_seo_html_title":"","jetpack_seo_noindex":false,"footnotes":""},"class_list":["post-10760","page","type-page","status-publish","hentry"],"tpgb_featured_images":null,"tpgb_post_meta_info":{"get_date":"17 April 2024","get_modified_date":"3 Februar 2025","author_name":"Qraia CRM","author_url":"https:\/\/qraia.com\/de\/author\/aqadminuse1\/","author_email":"crm@qraia.com","author_website":"https:\/\/qraia.com","author_description":"fMVix5L(nyB%D6UrRi7RKtsj aQadminUse1","author_facebook":"","author_twitter":"","author_instagram":"","author_role":["administrator"],"author_firstname":"Qraia","author_lastname":"CRM","user_login":"aQadminUse1","author_avatar":"<img alt='' src='https:\/\/secure.gravatar.com\/avatar\/b10245e741920edd52365ebfa9f18c05eacb89dd86ed7878a58dea199f52aab4?s=200&#038;d=mm&#038;r=g' srcset='https:\/\/secure.gravatar.com\/avatar\/b10245e741920edd52365ebfa9f18c05eacb89dd86ed7878a58dea199f52aab4?s=400&#038;d=mm&#038;r=g 2x' class='avatar avatar-200 photo' height='200' width='200' loading='lazy' decoding='async'\/>","author_avatar_url":"https:\/\/secure.gravatar.com\/avatar\/b10245e741920edd52365ebfa9f18c05eacb89dd86ed7878a58dea199f52aab4?s=96&d=mm&r=g","comment_count":0,"post_likes":0,"post_views":0},"tpgb_post_category":[],"uagb_featured_image_src":{"full":false,"thumbnail":false,"medium":false,"medium_large":false,"large":false,"1536x1536":false,"2048x2048":false,"tp-image-grid":false},"uagb_author_info":{"display_name":"Qraia CRM","author_link":"https:\/\/qraia.com\/de\/author\/aqadminuse1\/"},"uagb_comment_info":0,"uagb_excerpt":"Die 30-Sekunden-Regel von Qraia. Das ist eine gro\u00dfe Herausforderung, der wir uns gerne stellen. Sie k\u00f6nnen innerhalb von 30 Sekunden loslegen und Ihren ersten Kontakt erstellen. So einfach ist das. Damit Sie sich auf Ihr Gesch\u00e4ft konzentrieren k\u00f6nnen und sich keine Gedanken \u00fcber die Software-Tools machen m\u00fcssen.","jetpack_shortlink":"https:\/\/wp.me\/PcWCNB-2Ny","jetpack_sharing_enabled":true,"jetpack-related-posts":[],"_links":{"self":[{"href":"https:\/\/qraia.com\/de\/wp-json\/wp\/v2\/pages\/10760","targetHints":{"allow":["GET"]}}],"collection":[{"href":"https:\/\/qraia.com\/de\/wp-json\/wp\/v2\/pages"}],"about":[{"href":"https:\/\/qraia.com\/de\/wp-json\/wp\/v2\/types\/page"}],"author":[{"embeddable":true,"href":"https:\/\/qraia.com\/de\/wp-json\/wp\/v2\/users\/2"}],"replies":[{"embeddable":true,"href":"https:\/\/qraia.com\/de\/wp-json\/wp\/v2\/comments?post=10760"}],"version-history":[{"count":1,"href":"https:\/\/qraia.com\/de\/wp-json\/wp\/v2\/pages\/10760\/revisions"}],"predecessor-version":[{"id":10761,"href":"https:\/\/qraia.com\/de\/wp-json\/wp\/v2\/pages\/10760\/revisions\/10761"}],"wp:attachment":[{"href":"https:\/\/qraia.com\/de\/wp-json\/wp\/v2\/media?parent=10760"}],"curies":[{"name":"wp","href":"https:\/\/api.w.org\/{rel}","templated":true}]}}