{"id":10222,"date":"2024-06-17T15:25:20","date_gmt":"2024-06-17T15:25:20","guid":{"rendered":"https:\/\/qraia.com\/mailings\/"},"modified":"2024-12-13T20:06:42","modified_gmt":"2024-12-13T20:06:42","slug":"mailings","status":"publish","type":"page","link":"https:\/\/qraia.com\/de\/mailings\/","title":{"rendered":"Mailings"},"content":{"rendered":"<div class=\"tpgb-empty-space tpgb-block-4ce6_8678 \"><\/div><div class=\"tpgb-empty-space tpgb-block-89c4_8678 \"><\/div>\n<div class=\"wp-block-uagb-container uagb-block-xdthjrc3 default uagb-is-root-container\">\n<div class=\"wp-block-uagb-info-box uagb-block-fcd20e7a uagb-infobox__content-wrap  uagb-infobox-icon-above-title uagb-infobox-image-valign-top\"><div class=\"uagb-ifb-content\"><div class=\"uagb-ifb-title-wrap\"><h1 class=\"uagb-ifb-title-prefix\">So versenden Sie einen Newsletter<\/h1><h5 class=\"uagb-ifb-title\">W\u00e4hlen Sie mit Tags die Kontakte aus, die Sie in Ihrem Mailing haben m\u00f6chten. Diese werden in Ihre Mailingliste exportiert. Von dort aus k\u00f6nnen Sie ihnen einen einfachen oder einen ausf\u00fchrlichen Newsletter senden, ganz wie Sie m\u00f6chten.   <\/h5><\/div><\/div><\/div>\n\n\n\n<div class=\"wp-block-uagb-container cards-three functions_boxes uagb-block-ws2bvbmo\">\n<div class=\"wp-block-uagb-container uagb-block-zafj2abk\">\n<div class=\"wp-block-uagb-container inner-cont uagb-block-sd6rghrt\">\n<div class=\"wp-block-uagb-info-box uagb-block-48721bfb uagb-infobox__content-wrap  uagb-infobox-icon-above-title uagb-infobox-image-valign-top\"><div class=\"uagb-ifb-content\"><div class=\"uagb-ifb-icon-wrap\"><svg xmlns=\"https:\/\/www.w3.org\/2000\/svg\" viewbox=\"0 0 448 512\"><path d=\"M438.6 105.4C451.1 117.9 451.1 138.1 438.6 150.6L182.6 406.6C170.1 419.1 149.9 419.1 137.4 406.6L9.372 278.6C-3.124 266.1-3.124 245.9 9.372 233.4C21.87 220.9 42.13 220.9 54.63 233.4L159.1 338.7L393.4 105.4C405.9 92.88 426.1 92.88 438.6 105.4H438.6z\"><\/path><\/svg><\/div><div class=\"uagb-ifb-title-wrap\"><h3 class=\"uagb-ifb-title\"><a href=\"https:\/\/qraia.com\/de\/mailings\/#select\" data-type=\"internal\" data-id=\"#contacts\">Select<\/a><\/h3><\/div><p class=\"uagb-ifb-desc\"><a href=\"https:\/\/qraia.com\/de\/mailings\/#select\" data-type=\"internal\" data-id=\"#contacts\">W\u00e4hlen Sie die Tags f\u00fcr Ihren Newsletter aus. <\/a><br\/><br\/>Sie k\u00f6nnen zwei oder mehr Tags kombinieren. <\/p><\/div><\/div>\n<\/div>\n<\/div>\n\n\n\n<div class=\"wp-block-uagb-container uagb-block-oeuuwzaz\">\n<div class=\"wp-block-uagb-container inner-cont uagb-block-t6fhy48s\">\n<div class=\"wp-block-uagb-info-box uagb-block-e96d515d uagb-infobox__content-wrap  uagb-infobox-icon-above-title uagb-infobox-image-valign-top\"><div class=\"uagb-ifb-content\"><div class=\"uagb-ifb-icon-wrap\"><svg xmlns=\"https:\/\/www.w3.org\/2000\/svg\" viewbox=\"0 0 448 512\"><path d=\"M400 32h-352C21.49 32 0 53.49 0 80v352C0 458.5 21.49 480 48 480h245.5c16.97 0 33.25-6.744 45.26-18.75l90.51-90.51C441.3 358.7 448 342.5 448 325.5V80C448 53.49 426.5 32 400 32zM64 96h320l-.001 224H320c-17.67 0-32 14.33-32 32v64H64V96z\"><\/path><\/svg><\/div><div class=\"uagb-ifb-title-wrap\"><h3 class=\"uagb-ifb-title\"><a href=\"https:\/\/qraia.com\/de\/mailings\/#write\" data-type=\"internal\" data-id=\"#notes\">Export<\/a><\/h3><\/div><p class=\"uagb-ifb-desc\"><a href=\"https:\/\/qraia.com\/de\/mailings\/#write\" data-type=\"internal\" data-id=\"#notes\">Sobald Sie ein oder mehrere Tags ausgew\u00e4hlt haben, klicken Sie auf \u201eNach Brevo exportieren\u201c. <\/a><br\/><br\/>Es wird eine neue Liste mit den Tag-Namen + Datum erstellt. <\/p><\/div><\/div>\n<\/div>\n<\/div>\n\n\n\n<div class=\"wp-block-uagb-container uagb-block-b9sjglg5\">\n<div class=\"wp-block-uagb-container inner-cont uagb-block-rqcigycj\">\n<div class=\"wp-block-uagb-info-box uagb-block-6818d666 uagb-infobox__content-wrap  uagb-infobox-icon-above-title uagb-infobox-image-valign-top\"><div class=\"uagb-ifb-content\"><div class=\"uagb-ifb-icon-wrap\"><svg xmlns=\"https:\/\/www.w3.org\/2000\/svg\" viewbox=\"0 0 512 512\"><path d=\"M503.7 226.2l-176 151.1c-15.38 13.3-39.69 2.545-39.69-18.16V272.1C132.9 274.3 66.06 312.8 111.4 457.8c5.031 16.09-14.41 28.56-28.06 18.62C39.59 444.6 0 383.8 0 322.3c0-152.2 127.4-184.4 288-186.3V56.02c0-20.67 24.28-31.46 39.69-18.16l176 151.1C514.8 199.4 514.8 216.6 503.7 226.2z\"><\/path><\/svg><\/div><div class=\"uagb-ifb-title-wrap\"><h3 class=\"uagb-ifb-title\"><a href=\"https:\/\/qraia.com\/de\/mailings\/#send\">Schicken<\/a><\/h3><\/div><p class=\"uagb-ifb-desc\"><a href=\"https:\/\/qraia.com\/de\/mailings\/#send\" data-type=\"internal\" data-id=\"#tasks\">Create your newsletter in Brevo. Verwenden Sie einfach zu verwendende Vorlagen f\u00fcr einen schnellen Newsletter. <\/a><\/p><\/div><\/div>\n<\/div>\n<\/div>\n<\/div>\n\n\n\n<div class=\"wp-block-uagb-container uagb-block-f19e9491\">\n<div class=\"wp-block-uagb-info-box uagb-block-rd0eo43j uagb-infobox__content-wrap  uagb-infobox-icon-left-title uagb-infobox-left uagb-infobox-image-valign-top wp-block-uagb-info-box--has-margin left-icons\" id=\"select\"><div class=\"uagb-infobox-margin-wrapper\"><div class=\"uagb-ifb-content\"><div class=\"uagb-ifb-left-title-image\"><div class=\"uagb-ifb-icon-wrap\"><svg xmlns=\"https:\/\/www.w3.org\/2000\/svg\" viewbox=\"0 0 448 512\"><path d=\"M438.6 105.4C451.1 117.9 451.1 138.1 438.6 150.6L182.6 406.6C170.1 419.1 149.9 419.1 137.4 406.6L9.372 278.6C-3.124 266.1-3.124 245.9 9.372 233.4C21.87 220.9 42.13 220.9 54.63 233.4L159.1 338.7L393.4 105.4C405.9 92.88 426.1 92.88 438.6 105.4H438.6z\"><\/path><\/svg><\/div><div class=\"uagb-ifb-title-wrap\"><h2 class=\"uagb-ifb-title\">W\u00e4hlen<\/h2><\/div><\/div><p class=\"uagb-ifb-desc\">W\u00e4hlen Sie zun\u00e4chst die <strong>Tags<\/strong> aus, die Sie exportieren m\u00f6chten. Tags werden in Qraia CRM verwendet, um Ihre Daten zu organisieren. Geben Sie beispielsweise allen Teilnehmern Ihrer Veranstaltung im Sommer 2024 die Tags \u201eVeranstaltung\u201c und \u201eSommer 2024\u201c. Auf diese Weise k\u00f6nnen Sie diese Gruppe ganz einfach f\u00fcr eine Folge-E-Mail ausw\u00e4hlen. Oder Sie k\u00f6nnen alle ausw\u00e4hlen, die jemals an Ihren Veranstaltungen teilgenommen haben. Oder, nun ja, der Fantasie sind keine Grenzen gesetzt.      <br\/><\/p><\/div><\/div><\/div>\n\n\n\n<hr class=\"wp-block-separator has-text-color has-alpha-channel-opacity has-background\" style=\"background-color:#e3e3e3;color:#e3e3e3\"\/>\n\n\n\n<div class=\"wp-block-uagb-info-box uagb-block-ae55f79a uagb-infobox__content-wrap  uagb-infobox-icon-left-title uagb-infobox-left uagb-infobox-image-valign-top left-icons\" id=\"write\"><div class=\"uagb-ifb-content\"><div class=\"uagb-ifb-left-title-image\"><div class=\"uagb-ifb-icon-wrap\"><svg xmlns=\"https:\/\/www.w3.org\/2000\/svg\" viewbox=\"0 0 448 512\"><path d=\"M400 32h-352C21.49 32 0 53.49 0 80v352C0 458.5 21.49 480 48 480h245.5c16.97 0 33.25-6.744 45.26-18.75l90.51-90.51C441.3 358.7 448 342.5 448 325.5V80C448 53.49 426.5 32 400 32zM64 96h320l-.001 224H320c-17.67 0-32 14.33-32 32v64H64V96z\"><\/path><\/svg><\/div><div class=\"uagb-ifb-title-wrap\"><h2 class=\"uagb-ifb-title\">Schreiben<\/h2><\/div><\/div><p class=\"uagb-ifb-desc\">It has survived not only five centuries, but also the leap into electronic typesetting, remaining essentially unchanged. It was popularised in the 1960s with the release of Letraset sheets containing Lorem Ipsum passages, and more recently with desktop publishing software. <\/p><\/div><\/div>\n\n\n\n<hr class=\"wp-block-separator has-text-color has-alpha-channel-opacity has-background\" style=\"background-color:#e3e3e3;color:#e3e3e3\"\/>\n\n\n\n<div class=\"wp-block-uagb-info-box uagb-block-f3945cec uagb-infobox__content-wrap  uagb-infobox-icon-left-title uagb-infobox-left uagb-infobox-image-valign-top left-icons\" id=\"send\"><div class=\"uagb-ifb-content\"><div class=\"uagb-ifb-left-title-image\"><div class=\"uagb-ifb-icon-wrap\"><svg xmlns=\"https:\/\/www.w3.org\/2000\/svg\" viewbox=\"0 0 512 512\"><path d=\"M503.7 226.2l-176 151.1c-15.38 13.3-39.69 2.545-39.69-18.16V272.1C132.9 274.3 66.06 312.8 111.4 457.8c5.031 16.09-14.41 28.56-28.06 18.62C39.59 444.6 0 383.8 0 322.3c0-152.2 127.4-184.4 288-186.3V56.02c0-20.67 24.28-31.46 39.69-18.16l176 151.1C514.8 199.4 514.8 216.6 503.7 226.2z\"><\/path><\/svg><\/div><div class=\"uagb-ifb-title-wrap\"><h2 class=\"uagb-ifb-title\">Schicken<\/h2><\/div><\/div><p class=\"uagb-ifb-desc\">It is a long established fact that a reader will be distracted by the readable content of a page when looking at its layout. The point of using Lorem Ipsum is that it has a more-or-less normal distribution of letters, as opposed to using &#8218;Content here, content here&#8216;, making it look like readable English. <\/p><\/div><\/div>\n<\/div>\n<\/div>\n\n<div class=\"wp-block-uagb-container title-bar-page uagb-block-ca9d1bd4 default uagb-is-root-container\">\n<div class=\"wp-block-uagb-container uagb-block-4364a2b9\">\n<div class=\"wp-block-uagb-info-box uagb-block-318cf88e uagb-infobox__content-wrap  uagb-infobox-icon-above-title uagb-infobox-image-valign-top page-titles\"><div class=\"uagb-ifb-content\"><div class=\"uagb-ifb-title-wrap\"><h3 class=\"uagb-ifb-title\">Wie funktioniert es? Ganz einfach.  <\/h3><\/div><p class=\"uagb-ifb-desc\">Richten Sie zun\u00e4chst die Verbindung mit dem Mailprogramm ein. <br\/>Erstellen Sie ein kostenloses Konto bei <a href=\"https:\/\/onboarding.brevo.com\/account\/register\/?utm_source=referral&amp;utm_medium=QraiaCRM\">BREVO<\/a> und verbinden Sie es mit Ihrem Qraia CRM-Konto.  <br\/><br\/>Beginnen Sie als N\u00e4chstes mit dem Exportieren von Kontakten nach Brevo, um E-Mails zu versenden. <br\/>1)W\u00e4hlen Sie ein oder mehrere TAGS aus. <br\/>2) Kontakte exportieren: Klicken Sie auf die Schaltfl\u00e4che &#8222;F\u00fcr Mailings exportieren&#8220;.<br\/>3) Ihre Kontakte werden in eine neue Liste in Brevo exportiert.<br\/><br\/>F\u00fchren Sie die folgenden Schritte aus. Noch Fragen? <a href=\"mailto:support@qraia.freshdesk.com\">Senden Sie uns eine E-Mail<\/a>! <\/p><\/div><\/div>\n<\/div>\n<\/div>\n<div  class=\"tpgb-wrap-41c5_8678   tpgb-anim-dur-normal tpgb-view-animation\" data-animationSetting='{&quot;anime&quot;:{&quot;md&quot;:&quot;zoomIn&quot;,&quot;sm&quot;:&quot;&quot;,&quot;xs&quot;:&quot;&quot;}}' ><div class=\"tpgb-pro-paragraph tpgb-block-41c5_8678 \"><h3 class=\"pro-heading-inner\">Steps to start sending mails<\/h3><div class=\"pro-paragraph-inner \"><p class=\"tpgb-propara-txt\">Click to read more&#8230;<\/p><\/div><\/div><\/div><div class=\"tpgb-accordion tpgb-block-4249_8678 \" ><div class=\"tpgb-accor-wrap \" data-type=\"accordion\"  data-one-onen=\"yes\" role=\"tablist\"><div class=\"tpgb-accor-item tpgb-relative-block\" ><div id=\"tpag-tab-title-4249_86781\" class=\"tpgb-accordion-header tpgb-trans-linear-before text-center active\" role=\"tab\" data-tab=\"1\" aria-controls=\"tpag-tab-content-4249_86781\"><span class=\"accordion-title-icon-wrap\"><h3 class=\"accordion-title\" > 1) Create Brevo Account, it&#8217;s free.<\/h3><\/span><\/div><div id=\"tpag-tab-content-4249_86781\" class=\"tpgb-accordion-content active\" role=\"tabpanel\" data-tab=\"1\"  aria-labelledby=\"tpag-tab-title-4249_86781\"><div class=\"tpgb-content-editor text-center\" >We use Brevo so send emails. To make sure your emails are actually delivered to the inbox, it is important to use trusted parties for this. Brevo is really good at this and they offer you a very good deal. So <a href=\"https:\/\/onboarding.brevo.com\/account\/register\/?utm_source=referral&amp;utm_medium=QraiaCRM\">open your Brevo account here now<\/a>. <\/div><\/div><\/div><div class=\"tpgb-accor-item tpgb-relative-block\" ><div id=\"tpag-tab-title-4249_86782\" class=\"tpgb-accordion-header tpgb-trans-linear-before text-center \" role=\"tab\" data-tab=\"2\" aria-controls=\"tpag-tab-content-4249_86782\"><span class=\"accordion-title-icon-wrap\"><h3 class=\"accordion-title\" > 2) Get Brevo API key<\/h3><\/span><\/div><div id=\"tpag-tab-content-4249_86782\" class=\"tpgb-accordion-content \" role=\"tabpanel\" data-tab=\"2\"  aria-labelledby=\"tpag-tab-title-4249_86782\"><div class=\"tpgb-content-editor text-center\" >The next step is to connect Qraia CRM to Brevo. Get <a href=\"https:\/\/app.brevo.com\/settings\/keys\/api\">your Brevo API key here<\/a>. <br>Click on &#8222;Generate New API Key&#8220;.<br>Copy the API Key, you need in the next step. <br><em>TIP: you can create multiple API Keys, so no problem if the copy doesn&#8217;t work.<\/em><br><\/div><\/div><\/div><div class=\"tpgb-accor-item tpgb-relative-block\" ><div id=\"tpag-tab-title-4249_86783\" class=\"tpgb-accordion-header tpgb-trans-linear-before text-center \" role=\"tab\" data-tab=\"3\" aria-controls=\"tpag-tab-content-4249_86783\"><span class=\"accordion-title-icon-wrap\"><h3 class=\"accordion-title\" > 3) Add API to Qraia<\/h3><\/span><\/div><div id=\"tpag-tab-content-4249_86783\" class=\"tpgb-accordion-content \" role=\"tabpanel\" data-tab=\"3\"  aria-labelledby=\"tpag-tab-title-4249_86783\"><div class=\"tpgb-content-editor text-center\" >Add the Brevo API key in <a href=\"https:\/\/crm.qraia.com\/mailing-settings\">Qraia CRM here<\/a>. <br><\/div><\/div><\/div><div class=\"tpgb-accor-item tpgb-relative-block\" ><div id=\"tpag-tab-title-4249_86784\" class=\"tpgb-accordion-header tpgb-trans-linear-before text-center \" role=\"tab\" data-tab=\"4\" aria-controls=\"tpag-tab-content-4249_86784\"><span class=\"accordion-title-icon-wrap\"><h3 class=\"accordion-title\" > 4) Select Tag(s)<\/h3><\/span><\/div><div id=\"tpag-tab-content-4249_86784\" class=\"tpgb-accordion-content \" role=\"tabpanel\" data-tab=\"4\"  aria-labelledby=\"tpag-tab-title-4249_86784\"><div class=\"tpgb-content-editor text-center\" >Go to<a href=\"https:\/\/crm.qraia.com\/tag\"> Tags &amp; Mailings<\/a> in Qraia CRM. <br>Select a Tag to Export all the Tagged contacts to Brevo. You can select one Tag, or multiple Tags. <\/div><\/div><\/div><div class=\"tpgb-accor-item tpgb-relative-block\" ><div id=\"tpag-tab-title-4249_86785\" class=\"tpgb-accordion-header tpgb-trans-linear-before text-center \" role=\"tab\" data-tab=\"5\" aria-controls=\"tpag-tab-content-4249_86785\"><span class=\"accordion-title-icon-wrap\"><h3 class=\"accordion-title\" > 5) Export to Brevo<\/h3><\/span><\/div><div id=\"tpag-tab-content-4249_86785\" class=\"tpgb-accordion-content \" role=\"tabpanel\" data-tab=\"5\"  aria-labelledby=\"tpag-tab-title-4249_86785\"><div class=\"tpgb-content-editor text-center\" >Click the button &#8222;Export for mailings&#8220;. Qraia Exports all the <\/div><\/div><\/div><div class=\"tpgb-accor-item tpgb-relative-block\" ><div id=\"tpag-tab-title-4249_86786\" class=\"tpgb-accordion-header tpgb-trans-linear-before text-center \" role=\"tab\" data-tab=\"6\" aria-controls=\"tpag-tab-content-4249_86786\"><span class=\"accordion-title-icon-wrap\"><h3 class=\"accordion-title\" > 6) Find your new list in Brevo<\/h3><\/span><\/div><div id=\"tpag-tab-content-4249_86786\" class=\"tpgb-accordion-content \" role=\"tabpanel\" data-tab=\"6\"  aria-labelledby=\"tpag-tab-title-4249_86786\"><div class=\"tpgb-content-editor text-center\" >Go to Brevo Contacts and <a href=\"https:\/\/app.brevo.com\/contact\/list-listing\">click on Lists<\/a>. <br>Here you&#8217;ll see an overview of your lists, how many contacts you have in a list and the date it was created. Click on the list name, to see the contacts in the list. If you want, you can add or change information, but that is not necessary.<br><br>Good to know, a contact can be in many different lists. <\/div><\/div><\/div><div class=\"tpgb-accor-item tpgb-relative-block\" ><div id=\"tpag-tab-title-4249_86787\" class=\"tpgb-accordion-header tpgb-trans-linear-before text-center \" role=\"tab\" data-tab=\"7\" aria-controls=\"tpag-tab-content-4249_86787\"><span class=\"accordion-title-icon-wrap\"><h3 class=\"accordion-title\" > 7) Setup?<\/h3><\/span><\/div><div id=\"tpag-tab-content-4249_86787\" class=\"tpgb-accordion-content \" role=\"tabpanel\" data-tab=\"7\"  aria-labelledby=\"tpag-tab-title-4249_86787\"><div class=\"tpgb-content-editor text-center\" >You need to do a couple things to get started. To be able to make sure that your emails are not marked as spam, they have set up a couple steps to help you. <br>It is important to follow the instructions in Brevo. You can&#8217;t send an email before this is done correctly. We can help you!<\/div><\/div><\/div><div class=\"tpgb-accor-item tpgb-relative-block\" ><div id=\"tpag-tab-title-4249_86788\" class=\"tpgb-accordion-header tpgb-trans-linear-before text-center \" role=\"tab\" data-tab=\"8\" aria-controls=\"tpag-tab-content-4249_86788\"><span class=\"accordion-title-icon-wrap\"><h3 class=\"accordion-title\" > 8) Send email? Create campaign!<\/h3><\/span><\/div><div id=\"tpag-tab-content-4249_86788\" class=\"tpgb-accordion-content \" role=\"tabpanel\" data-tab=\"8\"  aria-labelledby=\"tpag-tab-title-4249_86788\"><div class=\"tpgb-content-editor text-center\" >Next, you want to start sending emails. <br>Go to Campaigns in Brevo and click &#8222;Create Campaign&#8220; on the right top, and next select &#8222;email&#8220;.<br>Give your campaign a name for internal use, the recipient will not see this. <br>You can use one of many great templates, or design it yourself. What we do, is your our last email as the basis for the new one to keep things simple and consistent. Try it out. <\/div><\/div><\/div><div class=\"tpgb-accor-item tpgb-relative-block\" ><div id=\"tpag-tab-title-4249_86789\" class=\"tpgb-accordion-header tpgb-trans-linear-before text-center \" role=\"tab\" data-tab=\"9\" aria-controls=\"tpag-tab-content-4249_86789\"><span class=\"accordion-title-icon-wrap\"><h3 class=\"accordion-title\" > 9) Statistics? Absolutely<\/h3><\/span><\/div><div id=\"tpag-tab-content-4249_86789\" class=\"tpgb-accordion-content \" role=\"tabpanel\" data-tab=\"9\"  aria-labelledby=\"tpag-tab-title-4249_86789\"><div class=\"tpgb-content-editor text-center\" >Brevo has great statistics too. You can see for example the number of recipients of your mailing, how many people opened it, how many clicked on a link and much more. This van help you to understand and improve your mailings. <br><a href=\"https:\/\/app.brevo.com\/campaigns\/listing\">Go to the campaigns<\/a> for an overview. <\/div><\/div><\/div><div class=\"tpgb-accor-item tpgb-relative-block\" ><div id=\"tpag-tab-title-4249_867810\" class=\"tpgb-accordion-header tpgb-trans-linear-before text-center \" role=\"tab\" data-tab=\"10\" aria-controls=\"tpag-tab-content-4249_867810\"><span class=\"accordion-title-icon-wrap\"><h3 class=\"accordion-title\" > Why Brevo?<\/h3><\/span><\/div><div id=\"tpag-tab-content-4249_867810\" class=\"tpgb-accordion-content \" role=\"tabpanel\" data-tab=\"10\"  aria-labelledby=\"tpag-tab-title-4249_867810\"><div class=\"tpgb-content-editor text-center\" >Good question. First of all, Brevo is very good at sending emails, which get to people&#8217;s inbox. <br><br>Second, they have a good deal. <br>You can send 300 emails for free, per day. 10.000 emails per month, only costs about \u20ac14. And 100.00? \u20ac59 \/ month. <br>For comparison, 2 emails per month to 5.000 contacts is already \u20ac95 with Mailchimp.  <br><br>Thirdly, we use it ourself. And are very happy with Brevo. <\/div><\/div><\/div><div class=\"tpgb-accor-item tpgb-relative-block\" ><div id=\"tpag-tab-title-4249_867811\" class=\"tpgb-accordion-header tpgb-trans-linear-before text-center \" role=\"tab\" data-tab=\"11\" aria-controls=\"tpag-tab-content-4249_867811\"><span class=\"accordion-title-icon-wrap\"><h3 class=\"accordion-title\" > Something else?<\/h3><\/span><\/div><div id=\"tpag-tab-content-4249_867811\" class=\"tpgb-accordion-content \" role=\"tabpanel\" data-tab=\"11\"  aria-labelledby=\"tpag-tab-title-4249_867811\"><div class=\"tpgb-content-editor text-center\" >Follow the steps below. Other questions? Send us an email!<\/div><\/div><\/div><\/div><\/div><div class=\"tpgb-pro-paragraph tpgb-block-65d4_8678 \"><h3 class=\"pro-heading-inner\">Start sending now<\/h3><div class=\"pro-paragraph-inner \"><p class=\"tpgb-propara-txt\">To build better relationships and grow your business. <br><br>We are there to help you. <\/p><\/div><\/div>\n<div class=\"wp-block-uagb-container uagb-block-8tfon3vk default uagb-is-root-container\">\n<div class=\"wp-block-uagb-container uagb-block-h834ce6r\">\n<div class=\"wp-block-uagb-info-box uagb-block-2mg1ykli uagb-infobox__content-wrap  uagb-infobox-icon-above-title uagb-infobox-image-valign-top\"><div class=\"uagb-ifb-content\"><div class=\"uagb-ifb-title-wrap\"><h2 class=\"uagb-ifb-title\">Beginnen Sie jetzt und bauen Sie bessere Beziehungen auf.<br\/><br\/><em>Stellen Sie Ihren ersten Kontakt in 30 Sekunden kostenlos her. <\/em><\/h2><\/div><\/div><\/div>\n<\/div>\n\n\n\n<div class=\"wp-block-uagb-container uagb-block-4lacbyiy\">\n<div class=\"wp-block-uagb-buttons uagb-buttons__outer-wrap uagb-btn__default-btn uagb-btn-tablet__default-btn uagb-btn-mobile__default-btn uagb-block-i41sllup\"><div class=\"uagb-buttons__wrap uagb-buttons-layout-wrap \">\n<div class=\"wp-block-uagb-buttons-child uagb-buttons__outer-wrap uagb-block-ie2t7nnl wp-block-button\"><div class=\"uagb-button__wrapper\"><a class=\"uagb-buttons-repeater wp-block-button__link\" aria-label=\"\" href=\"https:\/\/crm.qraia.com\/signup\" rel=\"follow noopener\" target=\"_self\" role=\"button\"><div class=\"uagb-button__link\">Ersten Kontakt herstellen<\/div><\/a><\/div><\/div>\n<\/div><\/div>\n<\/div>\n<\/div>\n\n<div class=\"wp-block-uagb-container uagb-block-c933541e alignfull uagb-is-root-container\"><div class=\"uagb-container-inner-blocks-wrap\"><\/div><\/div>\n","protected":false},"excerpt":{"rendered":"","protected":false},"author":2,"featured_media":0,"parent":0,"menu_order":0,"comment_status":"closed","ping_status":"closed","template":"","meta":{"tpgb_global_settings":"","_uag_custom_page_level_css":"","advanced_seo_description":"","jetpack_seo_html_title":"","jetpack_seo_noindex":false,"footnotes":""},"class_list":["post-10222","page","type-page","status-publish","hentry"],"tpgb_featured_images":null,"tpgb_post_meta_info":{"get_date":"17 Juni 2024","get_modified_date":"13 Dezember 2024","author_name":"Qraia CRM","author_url":"https:\/\/qraia.com\/de\/author\/aqadminuse1\/","author_email":"crm@qraia.com","author_website":"https:\/\/qraia.com","author_description":"fMVix5L(nyB%D6UrRi7RKtsj aQadminUse1","author_facebook":"","author_twitter":"","author_instagram":"","author_role":["administrator"],"author_firstname":"Qraia","author_lastname":"CRM","user_login":"aQadminUse1","author_avatar":"<img alt='' src='https:\/\/secure.gravatar.com\/avatar\/b10245e741920edd52365ebfa9f18c05eacb89dd86ed7878a58dea199f52aab4?s=200&#038;d=mm&#038;r=g' srcset='https:\/\/secure.gravatar.com\/avatar\/b10245e741920edd52365ebfa9f18c05eacb89dd86ed7878a58dea199f52aab4?s=400&#038;d=mm&#038;r=g 2x' class='avatar avatar-200 photo' height='200' width='200' loading='lazy' decoding='async'\/>","author_avatar_url":"https:\/\/secure.gravatar.com\/avatar\/b10245e741920edd52365ebfa9f18c05eacb89dd86ed7878a58dea199f52aab4?s=96&d=mm&r=g","comment_count":0,"post_likes":0,"post_views":0},"tpgb_post_category":[],"uagb_featured_image_src":{"full":false,"thumbnail":false,"medium":false,"medium_large":false,"large":false,"1536x1536":false,"2048x2048":false,"tp-image-grid":false},"uagb_author_info":{"display_name":"Qraia CRM","author_link":"https:\/\/qraia.com\/de\/author\/aqadminuse1\/"},"uagb_comment_info":0,"uagb_excerpt":null,"jetpack_shortlink":"https:\/\/wp.me\/PcWCNB-2ES","jetpack_sharing_enabled":true,"jetpack-related-posts":[],"_links":{"self":[{"href":"https:\/\/qraia.com\/de\/wp-json\/wp\/v2\/pages\/10222","targetHints":{"allow":["GET"]}}],"collection":[{"href":"https:\/\/qraia.com\/de\/wp-json\/wp\/v2\/pages"}],"about":[{"href":"https:\/\/qraia.com\/de\/wp-json\/wp\/v2\/types\/page"}],"author":[{"embeddable":true,"href":"https:\/\/qraia.com\/de\/wp-json\/wp\/v2\/users\/2"}],"replies":[{"embeddable":true,"href":"https:\/\/qraia.com\/de\/wp-json\/wp\/v2\/comments?post=10222"}],"version-history":[{"count":2,"href":"https:\/\/qraia.com\/de\/wp-json\/wp\/v2\/pages\/10222\/revisions"}],"predecessor-version":[{"id":10225,"href":"https:\/\/qraia.com\/de\/wp-json\/wp\/v2\/pages\/10222\/revisions\/10225"}],"wp:attachment":[{"href":"https:\/\/qraia.com\/de\/wp-json\/wp\/v2\/media?parent=10222"}],"curies":[{"name":"wp","href":"https:\/\/api.w.org\/{rel}","templated":true}]}}